{"id":4769,"date":"2025-10-06T13:00:36","date_gmt":"2025-10-06T11:00:36","guid":{"rendered":"https:\/\/devshop.italpreziosi.it\/sin categor\u00eda\/ano-del-dragon-2024-francos-cfa\/"},"modified":"2025-10-06T13:00:36","modified_gmt":"2025-10-06T11:00:36","slug":"ano-del-dragon-2024-francos-cfa","status":"publish","type":"product","link":"https:\/\/devshop.italpreziosi.it\/es\/colecciones\/monedas\/ano-del-dragon-2024-francos-cfa\/","title":{"rendered":"A\u00f1o del Drag\u00f3n 2024 Francos CFA"},"content":{"rendered":"<p>Esta moneda de plata celebra el A\u00f1o del Drag\u00f3n con estilo art\u00edstico: elaborada en Ag 999, con dorado selectivo, alto relieve, esmalte hologr\u00e1fico y detalles antiguos. Con un peso de 93,30 g y 50 mm de di\u00e1metro, constituye una pieza monumental para coleccionistas en la serie CFA de Camer\u00fan. <\/p>\n","protected":false},"excerpt":{"rendered":"<p>Esta moneda de plata celebra el A\u00f1o del Drag\u00f3n con estilo art\u00edstico: elaborada en Ag 999, con dorado selectivo, alto relieve, esmalte hologr\u00e1fico y detalles antiguos. Con un peso de 93,30 g y 50 mm de di\u00e1metro, constituye una pieza monumental para coleccionistas en la serie CFA de Camer\u00fan.<\/p>\n","protected":false},"featured_media":4736,"comment_status":"closed","ping_status":"closed","template":"","meta":{"_acf_changed":false},"product_brand":[],"product_cat":[327,323],"product_tag":[],"class_list":{"0":"post-4769","1":"product","2":"type-product","3":"status-publish","4":"has-post-thumbnail","6":"product_cat-monedas","7":"product_cat-colecciones","8":"pa_metallo-plata","10":"first","11":"outofstock","12":"taxable","13":"shipping-taxable","14":"purchasable","15":"product-type-simple"},"acf":[],"_links":{"self":[{"href":"https:\/\/devshop.italpreziosi.it\/es\/wp-json\/wp\/v2\/product\/4769","targetHints":{"allow":["GET"]}}],"collection":[{"href":"https:\/\/devshop.italpreziosi.it\/es\/wp-json\/wp\/v2\/product"}],"about":[{"href":"https:\/\/devshop.italpreziosi.it\/es\/wp-json\/wp\/v2\/types\/product"}],"replies":[{"embeddable":true,"href":"https:\/\/devshop.italpreziosi.it\/es\/wp-json\/wp\/v2\/comments?post=4769"}],"wp:featuredmedia":[{"embeddable":true,"href":"https:\/\/devshop.italpreziosi.it\/es\/wp-json\/wp\/v2\/media\/4736"}],"wp:attachment":[{"href":"https:\/\/devshop.italpreziosi.it\/es\/wp-json\/wp\/v2\/media?parent=4769"}],"wp:term":[{"taxonomy":"product_brand","embeddable":true,"href":"https:\/\/devshop.italpreziosi.it\/es\/wp-json\/wp\/v2\/product_brand?post=4769"},{"taxonomy":"product_cat","embeddable":true,"href":"https:\/\/devshop.italpreziosi.it\/es\/wp-json\/wp\/v2\/product_cat?post=4769"},{"taxonomy":"product_tag","embeddable":true,"href":"https:\/\/devshop.italpreziosi.it\/es\/wp-json\/wp\/v2\/product_tag?post=4769"}],"curies":[{"name":"wp","href":"https:\/\/api.w.org\/{rel}","templated":true}]}}