{"id":4767,"date":"2025-10-06T12:56:36","date_gmt":"2025-10-06T10:56:36","guid":{"rendered":"https:\/\/devshop.italpreziosi.it\/sin categor\u00eda\/calendario-lunar-2-dolares\/"},"modified":"2025-10-06T12:56:36","modified_gmt":"2025-10-06T10:56:36","slug":"calendario-lunar-2-dolares","status":"publish","type":"product","link":"https:\/\/devshop.italpreziosi.it\/es\/colecciones\/monedas\/calendario-lunar-2-dolares\/","title":{"rendered":"Calendario Lunar 2 D\u00f3lares"},"content":{"rendered":"<p>Esta moneda de 2 D\u00f3lares se inspira en los calendarios lunares de diversas culturas. La plata oxidada, decoraciones en alto relieve, microimpresi\u00f3n, relleno de resina y motivos de dise\u00f1o evocan tiempo, astronom\u00eda y misticismo. <\/p>\n","protected":false},"excerpt":{"rendered":"<p>Esta moneda de 2 D\u00f3lares se inspira en los calendarios lunares de diversas culturas. La plata oxidada, decoraciones en alto relieve, microimpresi\u00f3n, relleno de resina y motivos de dise\u00f1o evocan tiempo, astronom\u00eda y misticismo.<\/p>\n","protected":false},"featured_media":4723,"comment_status":"closed","ping_status":"closed","template":"","meta":{"_acf_changed":false},"product_brand":[],"product_cat":[327,323],"product_tag":[],"class_list":{"0":"post-4767","1":"product","2":"type-product","3":"status-publish","4":"has-post-thumbnail","6":"product_cat-monedas","7":"product_cat-colecciones","8":"pa_metallo-plata","10":"first","11":"outofstock","12":"taxable","13":"shipping-taxable","14":"purchasable","15":"product-type-simple"},"acf":[],"_links":{"self":[{"href":"https:\/\/devshop.italpreziosi.it\/es\/wp-json\/wp\/v2\/product\/4767","targetHints":{"allow":["GET"]}}],"collection":[{"href":"https:\/\/devshop.italpreziosi.it\/es\/wp-json\/wp\/v2\/product"}],"about":[{"href":"https:\/\/devshop.italpreziosi.it\/es\/wp-json\/wp\/v2\/types\/product"}],"replies":[{"embeddable":true,"href":"https:\/\/devshop.italpreziosi.it\/es\/wp-json\/wp\/v2\/comments?post=4767"}],"wp:featuredmedia":[{"embeddable":true,"href":"https:\/\/devshop.italpreziosi.it\/es\/wp-json\/wp\/v2\/media\/4723"}],"wp:attachment":[{"href":"https:\/\/devshop.italpreziosi.it\/es\/wp-json\/wp\/v2\/media?parent=4767"}],"wp:term":[{"taxonomy":"product_brand","embeddable":true,"href":"https:\/\/devshop.italpreziosi.it\/es\/wp-json\/wp\/v2\/product_brand?post=4767"},{"taxonomy":"product_cat","embeddable":true,"href":"https:\/\/devshop.italpreziosi.it\/es\/wp-json\/wp\/v2\/product_cat?post=4767"},{"taxonomy":"product_tag","embeddable":true,"href":"https:\/\/devshop.italpreziosi.it\/es\/wp-json\/wp\/v2\/product_tag?post=4767"}],"curies":[{"name":"wp","href":"https:\/\/api.w.org\/{rel}","templated":true}]}}