{"id":4764,"date":"2025-10-06T12:54:25","date_gmt":"2025-10-06T10:54:25","guid":{"rendered":"https:\/\/devshop.italpreziosi.it\/sin categor\u00eda\/vincent-van-gogh-cafe-terraza-de-noche-2-dolares\/"},"modified":"2025-10-06T12:54:25","modified_gmt":"2025-10-06T10:54:25","slug":"vincent-van-gogh-cafe-terraza-de-noche-2-dolares","status":"publish","type":"product","link":"https:\/\/devshop.italpreziosi.it\/es\/colecciones\/monedas\/vincent-van-gogh-cafe-terraza-de-noche-2-dolares\/","title":{"rendered":"Vincent van Gogh \u2013 Caf\u00e9 Terraza de Noche 2 D\u00f3lares"},"content":{"rendered":"<p>Esta moneda de plata en alto relieve presenta \u201cCaf\u00e9 Terraza de Noche\u201d de Van Gogh en un lienzo ampliado de 60 mm. Acu\u00f1ada en plata 999 con acabado proof, celebra una de sus obras m\u00e1s queridas bajo denominaci\u00f3n de 2 D\u00f3lares para Niue.<\/p>\n","protected":false},"excerpt":{"rendered":"<p>Esta moneda de plata en alto relieve presenta \u201cCaf\u00e9 Terraza de Noche\u201d de Van Gogh en un lienzo ampliado de 60 mm. Acu\u00f1ada en plata 999 con acabado proof, celebra una de sus obras m\u00e1s queridas bajo denominaci\u00f3n de 2 D\u00f3lares para Niue.<\/p>\n","protected":false},"featured_media":4710,"comment_status":"closed","ping_status":"closed","template":"","meta":{"_acf_changed":false},"product_brand":[],"product_cat":[327,323],"product_tag":[],"class_list":{"0":"post-4764","1":"product","2":"type-product","3":"status-publish","4":"has-post-thumbnail","6":"product_cat-monedas","7":"product_cat-colecciones","8":"pa_metallo-plata","10":"first","11":"outofstock","12":"taxable","13":"shipping-taxable","14":"purchasable","15":"product-type-simple"},"acf":[],"_links":{"self":[{"href":"https:\/\/devshop.italpreziosi.it\/es\/wp-json\/wp\/v2\/product\/4764","targetHints":{"allow":["GET"]}}],"collection":[{"href":"https:\/\/devshop.italpreziosi.it\/es\/wp-json\/wp\/v2\/product"}],"about":[{"href":"https:\/\/devshop.italpreziosi.it\/es\/wp-json\/wp\/v2\/types\/product"}],"replies":[{"embeddable":true,"href":"https:\/\/devshop.italpreziosi.it\/es\/wp-json\/wp\/v2\/comments?post=4764"}],"wp:featuredmedia":[{"embeddable":true,"href":"https:\/\/devshop.italpreziosi.it\/es\/wp-json\/wp\/v2\/media\/4710"}],"wp:attachment":[{"href":"https:\/\/devshop.italpreziosi.it\/es\/wp-json\/wp\/v2\/media?parent=4764"}],"wp:term":[{"taxonomy":"product_brand","embeddable":true,"href":"https:\/\/devshop.italpreziosi.it\/es\/wp-json\/wp\/v2\/product_brand?post=4764"},{"taxonomy":"product_cat","embeddable":true,"href":"https:\/\/devshop.italpreziosi.it\/es\/wp-json\/wp\/v2\/product_cat?post=4764"},{"taxonomy":"product_tag","embeddable":true,"href":"https:\/\/devshop.italpreziosi.it\/es\/wp-json\/wp\/v2\/product_tag?post=4764"}],"curies":[{"name":"wp","href":"https:\/\/api.w.org\/{rel}","templated":true}]}}