{"id":4762,"date":"2025-10-06T12:48:48","date_gmt":"2025-10-06T10:48:48","guid":{"rendered":"https:\/\/devshop.italpreziosi.it\/sin categor\u00eda\/vincent-van-gogh-campo-de-trigo-con-cuervos-1-dolar\/"},"modified":"2025-10-06T12:48:48","modified_gmt":"2025-10-06T10:48:48","slug":"vincent-van-gogh-campo-de-trigo-con-cuervos-1-dolar","status":"publish","type":"product","link":"https:\/\/devshop.italpreziosi.it\/es\/colecciones\/monedas\/vincent-van-gogh-campo-de-trigo-con-cuervos-1-dolar\/","title":{"rendered":"Vincent van Gogh \u2013 Campo de Trigo con Cuervos 1 D\u00f3lar"},"content":{"rendered":"<p>Esta moneda representa el dram\u00e1tico cuadro \u201cCampo de Trigo con Cuervos\u201d de Van Gogh en forma numism\u00e1tica. Acu\u00f1ada en plata 999 con acabado proof, fusiona arte y moneda bajo la denominaci\u00f3n de 1\u202fD\u00f3lar para Niue.<\/p>\n","protected":false},"excerpt":{"rendered":"<p>Esta moneda representa el dram\u00e1tico cuadro \u201cCampo de Trigo con Cuervos\u201d de Van Gogh en forma numism\u00e1tica. Acu\u00f1ada en plata 999 con acabado proof, fusiona arte y moneda bajo la denominaci\u00f3n de 1\u202fD\u00f3lar para Niue.<\/p>\n","protected":false},"featured_media":4700,"comment_status":"closed","ping_status":"closed","template":"","meta":{"_acf_changed":false},"product_brand":[],"product_cat":[327,323],"product_tag":[],"class_list":{"0":"post-4762","1":"product","2":"type-product","3":"status-publish","4":"has-post-thumbnail","6":"product_cat-monedas","7":"product_cat-colecciones","8":"pa_metallo-plata","10":"first","11":"outofstock","12":"taxable","13":"shipping-taxable","14":"purchasable","15":"product-type-simple"},"acf":[],"_links":{"self":[{"href":"https:\/\/devshop.italpreziosi.it\/es\/wp-json\/wp\/v2\/product\/4762","targetHints":{"allow":["GET"]}}],"collection":[{"href":"https:\/\/devshop.italpreziosi.it\/es\/wp-json\/wp\/v2\/product"}],"about":[{"href":"https:\/\/devshop.italpreziosi.it\/es\/wp-json\/wp\/v2\/types\/product"}],"replies":[{"embeddable":true,"href":"https:\/\/devshop.italpreziosi.it\/es\/wp-json\/wp\/v2\/comments?post=4762"}],"wp:featuredmedia":[{"embeddable":true,"href":"https:\/\/devshop.italpreziosi.it\/es\/wp-json\/wp\/v2\/media\/4700"}],"wp:attachment":[{"href":"https:\/\/devshop.italpreziosi.it\/es\/wp-json\/wp\/v2\/media?parent=4762"}],"wp:term":[{"taxonomy":"product_brand","embeddable":true,"href":"https:\/\/devshop.italpreziosi.it\/es\/wp-json\/wp\/v2\/product_brand?post=4762"},{"taxonomy":"product_cat","embeddable":true,"href":"https:\/\/devshop.italpreziosi.it\/es\/wp-json\/wp\/v2\/product_cat?post=4762"},{"taxonomy":"product_tag","embeddable":true,"href":"https:\/\/devshop.italpreziosi.it\/es\/wp-json\/wp\/v2\/product_tag?post=4762"}],"curies":[{"name":"wp","href":"https:\/\/api.w.org\/{rel}","templated":true}]}}