{"id":4756,"date":"2025-10-03T12:17:34","date_gmt":"2025-10-03T10:17:34","guid":{"rendered":"https:\/\/devshop.italpreziosi.it\/sin categor\u00eda\/vincent-van-gogh-siesta-1-dolar\/"},"modified":"2025-10-03T12:17:34","modified_gmt":"2025-10-03T10:17:34","slug":"vincent-van-gogh-siesta-1-dolar","status":"publish","type":"product","link":"https:\/\/devshop.italpreziosi.it\/es\/colecciones\/monedas\/vincent-van-gogh-siesta-1-dolar\/","title":{"rendered":"Vincent van Gogh \u2013 Siesta 1 D\u00f3lar"},"content":{"rendered":"<p>Esta moneda presenta \u00abSiesta\u00bb, una obra de Vincent van Gogh, bellamente representada en plata. Acu\u00f1ada en AG 999 con acabado proof, combina arte y numism\u00e1tica bajo la denominaci\u00f3n de 1 D\u00f3lar para Niue. <\/p>\n","protected":false},"excerpt":{"rendered":"<p>Esta moneda presenta \u00abSiesta\u00bb, una obra de Vincent van Gogh, bellamente representada en plata. Acu\u00f1ada en AG 999 con acabado proof, combina arte y numism\u00e1tica bajo la denominaci\u00f3n de 1 D\u00f3lar para Niue.<\/p>\n","protected":false},"featured_media":4670,"comment_status":"closed","ping_status":"closed","template":"","meta":{"_acf_changed":false},"product_brand":[],"product_cat":[327,323],"product_tag":[],"class_list":{"0":"post-4756","1":"product","2":"type-product","3":"status-publish","4":"has-post-thumbnail","6":"product_cat-monedas","7":"product_cat-colecciones","8":"pa_metallo-plata","10":"first","11":"outofstock","12":"taxable","13":"shipping-taxable","14":"purchasable","15":"product-type-simple"},"acf":[],"_links":{"self":[{"href":"https:\/\/devshop.italpreziosi.it\/es\/wp-json\/wp\/v2\/product\/4756","targetHints":{"allow":["GET"]}}],"collection":[{"href":"https:\/\/devshop.italpreziosi.it\/es\/wp-json\/wp\/v2\/product"}],"about":[{"href":"https:\/\/devshop.italpreziosi.it\/es\/wp-json\/wp\/v2\/types\/product"}],"replies":[{"embeddable":true,"href":"https:\/\/devshop.italpreziosi.it\/es\/wp-json\/wp\/v2\/comments?post=4756"}],"wp:featuredmedia":[{"embeddable":true,"href":"https:\/\/devshop.italpreziosi.it\/es\/wp-json\/wp\/v2\/media\/4670"}],"wp:attachment":[{"href":"https:\/\/devshop.italpreziosi.it\/es\/wp-json\/wp\/v2\/media?parent=4756"}],"wp:term":[{"taxonomy":"product_brand","embeddable":true,"href":"https:\/\/devshop.italpreziosi.it\/es\/wp-json\/wp\/v2\/product_brand?post=4756"},{"taxonomy":"product_cat","embeddable":true,"href":"https:\/\/devshop.italpreziosi.it\/es\/wp-json\/wp\/v2\/product_cat?post=4756"},{"taxonomy":"product_tag","embeddable":true,"href":"https:\/\/devshop.italpreziosi.it\/es\/wp-json\/wp\/v2\/product_tag?post=4756"}],"curies":[{"name":"wp","href":"https:\/\/api.w.org\/{rel}","templated":true}]}}