{"id":4754,"date":"2025-10-06T12:33:23","date_gmt":"2025-10-06T10:33:23","guid":{"rendered":"https:\/\/devshop.italpreziosi.it\/sin categor\u00eda\/retrato-de-la-senorita-lieser-gustav-klimt-500-francos-cfa\/"},"modified":"2025-10-06T12:33:23","modified_gmt":"2025-10-06T10:33:23","slug":"retrato-de-la-senorita-lieser-gustav-klimt-500-francos-cfa","status":"publish","type":"product","link":"https:\/\/devshop.italpreziosi.it\/es\/colecciones\/monedas\/retrato-de-la-senorita-lieser-gustav-klimt-500-francos-cfa\/","title":{"rendered":"Retrato de la Se\u00f1orita Lieser \u2013 Gustav Klimt 500 Francos CFA"},"content":{"rendered":"<p>Esta moneda de colecci\u00f3n presenta el famoso Retrato de la Se\u00f1orita Lieser de Gustav Klimt, acu\u00f1ada en plata fina 999 con acabado proof y gran detalle, dentro de la serie CFA Camer\u00fan.<\/p>\n","protected":false},"excerpt":{"rendered":"<p>Esta moneda de colecci\u00f3n presenta el famoso Retrato de la Se\u00f1orita Lieser de Gustav Klimt, acu\u00f1ada en plata fina 999 con acabado proof y gran detalle, dentro de la serie CFA Camer\u00fan.<\/p>\n","protected":false},"featured_media":4660,"comment_status":"closed","ping_status":"closed","template":"","meta":{"_acf_changed":false},"product_brand":[],"product_cat":[327,323],"product_tag":[],"class_list":{"0":"post-4754","1":"product","2":"type-product","3":"status-publish","4":"has-post-thumbnail","6":"product_cat-monedas","7":"product_cat-colecciones","8":"pa_metallo-plata","10":"first","11":"instock","12":"taxable","13":"shipping-taxable","14":"purchasable","15":"product-type-simple"},"acf":[],"_links":{"self":[{"href":"https:\/\/devshop.italpreziosi.it\/es\/wp-json\/wp\/v2\/product\/4754","targetHints":{"allow":["GET"]}}],"collection":[{"href":"https:\/\/devshop.italpreziosi.it\/es\/wp-json\/wp\/v2\/product"}],"about":[{"href":"https:\/\/devshop.italpreziosi.it\/es\/wp-json\/wp\/v2\/types\/product"}],"replies":[{"embeddable":true,"href":"https:\/\/devshop.italpreziosi.it\/es\/wp-json\/wp\/v2\/comments?post=4754"}],"wp:featuredmedia":[{"embeddable":true,"href":"https:\/\/devshop.italpreziosi.it\/es\/wp-json\/wp\/v2\/media\/4660"}],"wp:attachment":[{"href":"https:\/\/devshop.italpreziosi.it\/es\/wp-json\/wp\/v2\/media?parent=4754"}],"wp:term":[{"taxonomy":"product_brand","embeddable":true,"href":"https:\/\/devshop.italpreziosi.it\/es\/wp-json\/wp\/v2\/product_brand?post=4754"},{"taxonomy":"product_cat","embeddable":true,"href":"https:\/\/devshop.italpreziosi.it\/es\/wp-json\/wp\/v2\/product_cat?post=4754"},{"taxonomy":"product_tag","embeddable":true,"href":"https:\/\/devshop.italpreziosi.it\/es\/wp-json\/wp\/v2\/product_tag?post=4754"}],"curies":[{"name":"wp","href":"https:\/\/api.w.org\/{rel}","templated":true}]}}