{"id":4751,"date":"2025-10-06T10:28:44","date_gmt":"2025-10-06T08:28:44","guid":{"rendered":"https:\/\/devshop.italpreziosi.it\/sin categor\u00eda\/retrato-de-la-baronesa-elisabeth-bachofen%e2%80%91echt-gustav-klimt-500-francos-cfa\/"},"modified":"2025-10-06T10:28:44","modified_gmt":"2025-10-06T08:28:44","slug":"retrato-de-la-baronesa-elisabeth-bachofen%e2%80%91echt-gustav-klimt-500-francos-cfa","status":"publish","type":"product","link":"https:\/\/devshop.italpreziosi.it\/es\/colecciones\/monedas\/retrato-de-la-baronesa-elisabeth-bachofenecht-gustav-klimt-500-francos-cfa\/","title":{"rendered":"Retrato de la Baronesa Elisabeth Bachofen\u2011Echt \u2013 Gustav Klimt 500 Francos CFA"},"content":{"rendered":"<p>Esta moneda presenta el retrato de la Baronesa Elisabeth Bachofen\u2011Echt pintado por Gustav Klimt. Est\u00e1 acu\u00f1ada en plata fina 999, con acabado proof, y emitida bajo la franquicia CFA de Camer\u00fan. <\/p>\n","protected":false},"excerpt":{"rendered":"<p>Esta moneda presenta el retrato de la Baronesa Elisabeth Bachofen\u2011Echt pintado por Gustav Klimt. Est\u00e1 acu\u00f1ada en plata fina 999, con acabado proof, y emitida bajo la franquicia CFA de Camer\u00fan.<\/p>\n","protected":false},"featured_media":4650,"comment_status":"closed","ping_status":"closed","template":"","meta":{"_acf_changed":false},"product_brand":[],"product_cat":[327,323],"product_tag":[],"class_list":{"0":"post-4751","1":"product","2":"type-product","3":"status-publish","4":"has-post-thumbnail","6":"product_cat-monedas","7":"product_cat-colecciones","8":"pa_metallo-plata","10":"first","11":"instock","12":"taxable","13":"shipping-taxable","14":"purchasable","15":"product-type-simple"},"acf":[],"_links":{"self":[{"href":"https:\/\/devshop.italpreziosi.it\/es\/wp-json\/wp\/v2\/product\/4751","targetHints":{"allow":["GET"]}}],"collection":[{"href":"https:\/\/devshop.italpreziosi.it\/es\/wp-json\/wp\/v2\/product"}],"about":[{"href":"https:\/\/devshop.italpreziosi.it\/es\/wp-json\/wp\/v2\/types\/product"}],"replies":[{"embeddable":true,"href":"https:\/\/devshop.italpreziosi.it\/es\/wp-json\/wp\/v2\/comments?post=4751"}],"wp:featuredmedia":[{"embeddable":true,"href":"https:\/\/devshop.italpreziosi.it\/es\/wp-json\/wp\/v2\/media\/4650"}],"wp:attachment":[{"href":"https:\/\/devshop.italpreziosi.it\/es\/wp-json\/wp\/v2\/media?parent=4751"}],"wp:term":[{"taxonomy":"product_brand","embeddable":true,"href":"https:\/\/devshop.italpreziosi.it\/es\/wp-json\/wp\/v2\/product_brand?post=4751"},{"taxonomy":"product_cat","embeddable":true,"href":"https:\/\/devshop.italpreziosi.it\/es\/wp-json\/wp\/v2\/product_cat?post=4751"},{"taxonomy":"product_tag","embeddable":true,"href":"https:\/\/devshop.italpreziosi.it\/es\/wp-json\/wp\/v2\/product_tag?post=4751"}],"curies":[{"name":"wp","href":"https:\/\/api.w.org\/{rel}","templated":true}]}}