{"id":4020,"date":"2025-09-25T18:52:28","date_gmt":"2025-09-25T16:52:28","guid":{"rendered":"https:\/\/devshop.italpreziosi.it\/?post_type=product&#038;p=4020"},"modified":"2025-11-19T18:24:41","modified_gmt":"2025-11-19T17:24:41","slug":"navidad","status":"publish","type":"product","link":"https:\/\/devshop.italpreziosi.it\/es\/regalo\/navidad\/","title":{"rendered":"Navidad"},"content":{"rendered":"<p>Celebra la Navidad regalando un lingote de oro de 24 quilates Italpreziosi, un regalo refinado que calienta el coraz\u00f3n e ilumina las fiestas.<br \/>\nEste lingote de oro transmite cari\u00f1o, gratitud y el deseo de prosperidad para el a\u00f1o que est\u00e1 por comenzar.<br \/>\nPuedes personalizarlo con un mensaje especial o una fecha importante. Los lingotes est\u00e1n disponibles en formatos de 2 y 5 gramos, protegidos en un blister dedicado a esta ocasi\u00f3n .<\/p>\n","protected":false},"excerpt":{"rendered":"<p>Celebra la Navidad regalando un lingote de oro de 24 quilates Italpreziosi, un regalo refinado que calienta el coraz\u00f3n e ilumina las fiestas. Este lingote de oro transmite cari\u00f1o, gratitud y el deseo de prosperidad para el a\u00f1o que est\u00e1 por comenzar. Puedes personalizarlo con un mensaje especial o una fecha importante. Los lingotes est\u00e1n [&hellip;]<\/p>\n","protected":false},"featured_media":3920,"comment_status":"closed","ping_status":"closed","template":"","meta":{"_acf_changed":false},"product_brand":[],"product_cat":[347],"product_tag":[],"class_list":{"0":"post-4020","1":"product","2":"type-product","3":"status-publish","4":"has-post-thumbnail","6":"product_cat-regalo-es","7":"pa_metallo-oro-es","9":"first","10":"outofstock","11":"purchasable","12":"product-type-variable","13":"has-default-attributes"},"acf":[],"_links":{"self":[{"href":"https:\/\/devshop.italpreziosi.it\/es\/wp-json\/wp\/v2\/product\/4020","targetHints":{"allow":["GET"]}}],"collection":[{"href":"https:\/\/devshop.italpreziosi.it\/es\/wp-json\/wp\/v2\/product"}],"about":[{"href":"https:\/\/devshop.italpreziosi.it\/es\/wp-json\/wp\/v2\/types\/product"}],"replies":[{"embeddable":true,"href":"https:\/\/devshop.italpreziosi.it\/es\/wp-json\/wp\/v2\/comments?post=4020"}],"wp:featuredmedia":[{"embeddable":true,"href":"https:\/\/devshop.italpreziosi.it\/es\/wp-json\/wp\/v2\/media\/3920"}],"wp:attachment":[{"href":"https:\/\/devshop.italpreziosi.it\/es\/wp-json\/wp\/v2\/media?parent=4020"}],"wp:term":[{"taxonomy":"product_brand","embeddable":true,"href":"https:\/\/devshop.italpreziosi.it\/es\/wp-json\/wp\/v2\/product_brand?post=4020"},{"taxonomy":"product_cat","embeddable":true,"href":"https:\/\/devshop.italpreziosi.it\/es\/wp-json\/wp\/v2\/product_cat?post=4020"},{"taxonomy":"product_tag","embeddable":true,"href":"https:\/\/devshop.italpreziosi.it\/es\/wp-json\/wp\/v2\/product_tag?post=4020"}],"curies":[{"name":"wp","href":"https:\/\/api.w.org\/{rel}","templated":true}]}}