{"id":4017,"date":"2025-09-25T18:52:27","date_gmt":"2025-09-25T16:52:27","guid":{"rendered":"https:\/\/devshop.italpreziosi.it\/?post_type=product&#038;p=4017"},"modified":"2025-11-19T18:24:41","modified_gmt":"2025-11-19T17:24:41","slug":"primera-comunion","status":"publish","type":"product","link":"https:\/\/devshop.italpreziosi.it\/es\/regalo\/primera-comunion\/","title":{"rendered":"Primera Comuni\u00f3n"},"content":{"rendered":"<p>Celebra su Primera Comuni\u00f3n con un lingote de oro de 24 quilates, un gesto precioso que simboliza , valory futuro.<br \/>\nEste lingote de oro est\u00e1 pensado para conservar en el tiempo el recuerdo de un d\u00eda especial y para convertirse en un s\u00edmbolo de crecimiento y protecci\u00f3n: puedes personalizarlo con el nombre y la fecha de la ceremonia.<br \/>\nLos lingotes est\u00e1n disponibles en formatos de 2 y 5 gramos, sellados en un blister dedicado a esta importante celebraci\u00f3n.<\/p>\n","protected":false},"excerpt":{"rendered":"<p>Celebra su Primera Comuni\u00f3n con un lingote de oro de 24 quilates, un gesto precioso que simboliza , valory futuro. Este lingote de oro est\u00e1 pensado para conservar en el tiempo el recuerdo de un d\u00eda especial y para convertirse en un s\u00edmbolo de crecimiento y protecci\u00f3n: puedes personalizarlo con el nombre y la fecha [&hellip;]<\/p>\n","protected":false},"featured_media":4094,"comment_status":"closed","ping_status":"closed","template":"","meta":{"_acf_changed":false},"product_brand":[],"product_cat":[347],"product_tag":[],"class_list":{"0":"post-4017","1":"product","2":"type-product","3":"status-publish","4":"has-post-thumbnail","6":"product_cat-regalo-es","7":"pa_metallo-oro-es","9":"first","10":"outofstock","11":"purchasable","12":"product-type-variable","13":"has-default-attributes"},"acf":[],"_links":{"self":[{"href":"https:\/\/devshop.italpreziosi.it\/es\/wp-json\/wp\/v2\/product\/4017","targetHints":{"allow":["GET"]}}],"collection":[{"href":"https:\/\/devshop.italpreziosi.it\/es\/wp-json\/wp\/v2\/product"}],"about":[{"href":"https:\/\/devshop.italpreziosi.it\/es\/wp-json\/wp\/v2\/types\/product"}],"replies":[{"embeddable":true,"href":"https:\/\/devshop.italpreziosi.it\/es\/wp-json\/wp\/v2\/comments?post=4017"}],"wp:featuredmedia":[{"embeddable":true,"href":"https:\/\/devshop.italpreziosi.it\/es\/wp-json\/wp\/v2\/media\/4094"}],"wp:attachment":[{"href":"https:\/\/devshop.italpreziosi.it\/es\/wp-json\/wp\/v2\/media?parent=4017"}],"wp:term":[{"taxonomy":"product_brand","embeddable":true,"href":"https:\/\/devshop.italpreziosi.it\/es\/wp-json\/wp\/v2\/product_brand?post=4017"},{"taxonomy":"product_cat","embeddable":true,"href":"https:\/\/devshop.italpreziosi.it\/es\/wp-json\/wp\/v2\/product_cat?post=4017"},{"taxonomy":"product_tag","embeddable":true,"href":"https:\/\/devshop.italpreziosi.it\/es\/wp-json\/wp\/v2\/product_tag?post=4017"}],"curies":[{"name":"wp","href":"https:\/\/api.w.org\/{rel}","templated":true}]}}