{"id":4014,"date":"2025-09-25T18:52:26","date_gmt":"2025-09-25T16:52:26","guid":{"rendered":"https:\/\/devshop.italpreziosi.it\/?post_type=product&#038;p=4014"},"modified":"2025-11-19T18:24:42","modified_gmt":"2025-11-19T17:24:42","slug":"graduacion","status":"publish","type":"product","link":"https:\/\/devshop.italpreziosi.it\/es\/regalo\/graduacion\/","title":{"rendered":"Graduaci\u00f3n"},"content":{"rendered":"<p><span style=\"font-weight: 400;\">Para su Graduaci\u00f3n, regala un detalle que perdurar\u00e1 para siempre: un lingote de oro de 24 quilates de Italpreziosi es s\u00edmbolo de \u00e9xito, elegancia y futuro.<\/span><span style=\"font-weight: 400;\"><br \/>\n<\/span><span style=\"font-weight: 400;\">Este lingote de oro est\u00e1 dise\u00f1ado para honrar un camino de estudio y determinaci\u00f3n, convirti\u00e9ndose en un recuerdo tangible de un d\u00eda inolvidable.<\/span><span style=\"font-weight: 400;\"><br \/>\n<\/span><span style=\"font-weight: 400;\">Puedes personalizar tu regalo de Graduaci\u00f3n grabando el nombre del graduado o la fecha de la ceremonia en el reverso del lingote.<\/span><span style=\"font-weight: 400;\"><br \/>\n<\/span><span style=\"font-weight: 400;\">Los lingotes est\u00e1n disponibles en formatos de 2 y 5 gramos, sellados en un blister que recuerda la ocasi\u00f3n.<\/span><\/p>\n","protected":false},"excerpt":{"rendered":"<p>Para su Graduaci\u00f3n, regala un detalle que perdurar\u00e1 para siempre: un lingote de oro de 24 quilates de Italpreziosi es s\u00edmbolo de \u00e9xito, elegancia y futuro. Este lingote de oro est\u00e1 dise\u00f1ado para honrar un camino de estudio y determinaci\u00f3n, convirti\u00e9ndose en un recuerdo tangible de un d\u00eda inolvidable. Puedes personalizar tu regalo de Graduaci\u00f3n [&hellip;]<\/p>\n","protected":false},"featured_media":4063,"comment_status":"closed","ping_status":"closed","template":"","meta":{"_acf_changed":false},"product_brand":[],"product_cat":[347],"product_tag":[],"class_list":{"0":"post-4014","1":"product","2":"type-product","3":"status-publish","4":"has-post-thumbnail","6":"product_cat-regalo-es","7":"pa_metallo-oro-es","9":"first","10":"outofstock","11":"purchasable","12":"product-type-variable","13":"has-default-attributes"},"acf":[],"_links":{"self":[{"href":"https:\/\/devshop.italpreziosi.it\/es\/wp-json\/wp\/v2\/product\/4014","targetHints":{"allow":["GET"]}}],"collection":[{"href":"https:\/\/devshop.italpreziosi.it\/es\/wp-json\/wp\/v2\/product"}],"about":[{"href":"https:\/\/devshop.italpreziosi.it\/es\/wp-json\/wp\/v2\/types\/product"}],"replies":[{"embeddable":true,"href":"https:\/\/devshop.italpreziosi.it\/es\/wp-json\/wp\/v2\/comments?post=4014"}],"wp:featuredmedia":[{"embeddable":true,"href":"https:\/\/devshop.italpreziosi.it\/es\/wp-json\/wp\/v2\/media\/4063"}],"wp:attachment":[{"href":"https:\/\/devshop.italpreziosi.it\/es\/wp-json\/wp\/v2\/media?parent=4014"}],"wp:term":[{"taxonomy":"product_brand","embeddable":true,"href":"https:\/\/devshop.italpreziosi.it\/es\/wp-json\/wp\/v2\/product_brand?post=4014"},{"taxonomy":"product_cat","embeddable":true,"href":"https:\/\/devshop.italpreziosi.it\/es\/wp-json\/wp\/v2\/product_cat?post=4014"},{"taxonomy":"product_tag","embeddable":true,"href":"https:\/\/devshop.italpreziosi.it\/es\/wp-json\/wp\/v2\/product_tag?post=4014"}],"curies":[{"name":"wp","href":"https:\/\/api.w.org\/{rel}","templated":true}]}}