{"id":4008,"date":"2025-09-25T18:52:25","date_gmt":"2025-09-25T16:52:25","guid":{"rendered":"https:\/\/devshop.italpreziosi.it\/?post_type=product&#038;p=4008"},"modified":"2025-11-19T18:25:05","modified_gmt":"2025-11-19T17:25:05","slug":"san-valentin","status":"publish","type":"product","link":"https:\/\/devshop.italpreziosi.it\/es\/regalo\/san-valentin\/","title":{"rendered":"San Valent\u00edn"},"content":{"rendered":"<p><span style=\"font-weight: 400;\">Un lingote de oro tambi\u00e9n es para siempre. Para San Valent\u00edn, regala un lingote de oro de 24 quilates Italpreziosi, s\u00edmbolo de amor eterno y compromiso diario.<\/span><span style=\"font-weight: 400;\"><br \/>\n<\/span><span style=\"font-weight: 400;\">Este regalo precioso est\u00e1 pensado para guardar un sentimiento que crece con el tiempo.<\/span><span style=\"font-weight: 400;\"><br \/>\n<\/span><span style=\"font-weight: 400;\">Puedes personalizar el lingote grabando un mensaje especial o la fecha de vuestro aniversario. Los lingotes est\u00e1n disponibles en formatos de 2 y 5 gramos, en un blister elegante y rom\u00e1ntico.<\/span><\/p>\n","protected":false},"excerpt":{"rendered":"<p>Un lingote de oro tambi\u00e9n es para siempre. Para San Valent\u00edn, regala un lingote de oro de 24 quilates Italpreziosi, s\u00edmbolo de amor eterno y compromiso diario. Este regalo precioso est\u00e1 pensado para guardar un sentimiento que crece con el tiempo. Puedes personalizar el lingote grabando un mensaje especial o la fecha de vuestro aniversario. [&hellip;]<\/p>\n","protected":false},"featured_media":4048,"comment_status":"closed","ping_status":"closed","template":"","meta":{"_acf_changed":false},"product_brand":[],"product_cat":[347],"product_tag":[],"class_list":{"0":"post-4008","1":"product","2":"type-product","3":"status-publish","4":"has-post-thumbnail","6":"product_cat-regalo-es","7":"pa_metallo-oro-es","9":"first","10":"outofstock","11":"purchasable","12":"product-type-variable","13":"has-default-attributes"},"acf":[],"_links":{"self":[{"href":"https:\/\/devshop.italpreziosi.it\/es\/wp-json\/wp\/v2\/product\/4008","targetHints":{"allow":["GET"]}}],"collection":[{"href":"https:\/\/devshop.italpreziosi.it\/es\/wp-json\/wp\/v2\/product"}],"about":[{"href":"https:\/\/devshop.italpreziosi.it\/es\/wp-json\/wp\/v2\/types\/product"}],"replies":[{"embeddable":true,"href":"https:\/\/devshop.italpreziosi.it\/es\/wp-json\/wp\/v2\/comments?post=4008"}],"wp:featuredmedia":[{"embeddable":true,"href":"https:\/\/devshop.italpreziosi.it\/es\/wp-json\/wp\/v2\/media\/4048"}],"wp:attachment":[{"href":"https:\/\/devshop.italpreziosi.it\/es\/wp-json\/wp\/v2\/media?parent=4008"}],"wp:term":[{"taxonomy":"product_brand","embeddable":true,"href":"https:\/\/devshop.italpreziosi.it\/es\/wp-json\/wp\/v2\/product_brand?post=4008"},{"taxonomy":"product_cat","embeddable":true,"href":"https:\/\/devshop.italpreziosi.it\/es\/wp-json\/wp\/v2\/product_cat?post=4008"},{"taxonomy":"product_tag","embeddable":true,"href":"https:\/\/devshop.italpreziosi.it\/es\/wp-json\/wp\/v2\/product_tag?post=4008"}],"curies":[{"name":"wp","href":"https:\/\/api.w.org\/{rel}","templated":true}]}}