{"id":4005,"date":"2025-09-25T18:52:24","date_gmt":"2025-09-25T16:52:24","guid":{"rendered":"https:\/\/devshop.italpreziosi.it\/?post_type=product&#038;p=4005"},"modified":"2025-11-19T18:25:06","modified_gmt":"2025-11-19T17:25:06","slug":"bautizo","status":"publish","type":"product","link":"https:\/\/devshop.italpreziosi.it\/es\/regalo\/bautizo\/","title":{"rendered":"Bautizo"},"content":{"rendered":"<p><span style=\"font-weight: 400;\">Celebra su bautizo con un lingote de oro de 24 quilates, un regalo precioso que une tradici\u00f3n y afecto.<\/span><span style=\"font-weight: 400;\"><br \/>\n<\/span><span style=\"font-weight: 400;\">Un lingote de oro es s\u00edmbolo de protecci\u00f3n y buenos deseos, pensado para acompa\u00f1arlo en sus primeros pasos con un cari\u00f1o especial.<\/span><span style=\"font-weight: 400;\"><br \/>\n<\/span><span style=\"font-weight: 400;\">Puedes personalizar cada lingote de oro con el nombre o la fecha de la ceremonia, para hacer de este recuerdo algo \u00fanico e inolvidable.<\/span><\/p>\n","protected":false},"excerpt":{"rendered":"<p>Celebra su bautizo con un lingote de oro de 24 quilates, un regalo precioso que une tradici\u00f3n y afecto. Un lingote de oro es s\u00edmbolo de protecci\u00f3n y buenos deseos, pensado para acompa\u00f1arlo en sus primeros pasos con un cari\u00f1o especial. Puedes personalizar cada lingote de oro con el nombre o la fecha de la [&hellip;]<\/p>\n","protected":false},"featured_media":4026,"comment_status":"closed","ping_status":"closed","template":"","meta":{"_acf_changed":false},"product_brand":[],"product_cat":[347],"product_tag":[],"class_list":{"0":"post-4005","1":"product","2":"type-product","3":"status-publish","4":"has-post-thumbnail","6":"product_cat-regalo-es","7":"pa_metallo-oro-es","9":"first","10":"outofstock","11":"purchasable","12":"product-type-variable","13":"has-default-attributes"},"acf":[],"_links":{"self":[{"href":"https:\/\/devshop.italpreziosi.it\/es\/wp-json\/wp\/v2\/product\/4005","targetHints":{"allow":["GET"]}}],"collection":[{"href":"https:\/\/devshop.italpreziosi.it\/es\/wp-json\/wp\/v2\/product"}],"about":[{"href":"https:\/\/devshop.italpreziosi.it\/es\/wp-json\/wp\/v2\/types\/product"}],"replies":[{"embeddable":true,"href":"https:\/\/devshop.italpreziosi.it\/es\/wp-json\/wp\/v2\/comments?post=4005"}],"wp:featuredmedia":[{"embeddable":true,"href":"https:\/\/devshop.italpreziosi.it\/es\/wp-json\/wp\/v2\/media\/4026"}],"wp:attachment":[{"href":"https:\/\/devshop.italpreziosi.it\/es\/wp-json\/wp\/v2\/media?parent=4005"}],"wp:term":[{"taxonomy":"product_brand","embeddable":true,"href":"https:\/\/devshop.italpreziosi.it\/es\/wp-json\/wp\/v2\/product_brand?post=4005"},{"taxonomy":"product_cat","embeddable":true,"href":"https:\/\/devshop.italpreziosi.it\/es\/wp-json\/wp\/v2\/product_cat?post=4005"},{"taxonomy":"product_tag","embeddable":true,"href":"https:\/\/devshop.italpreziosi.it\/es\/wp-json\/wp\/v2\/product_tag?post=4005"}],"curies":[{"name":"wp","href":"https:\/\/api.w.org\/{rel}","templated":true}]}}