{"id":3951,"date":"2025-09-25T18:38:45","date_gmt":"2025-09-25T16:38:45","guid":{"rendered":"https:\/\/devshop.italpreziosi.it\/?post_type=product&#038;p=3951"},"modified":"2025-11-19T18:25:06","modified_gmt":"2025-11-19T17:25:06","slug":"nacimiento","status":"publish","type":"product","link":"https:\/\/devshop.italpreziosi.it\/es\/regalo\/nacimiento\/","title":{"rendered":"Nacimiento"},"content":{"rendered":"<p><span style=\"font-weight: 400;\">\u00a1Bienvenido al mundo, peque\u00f1o tesoro! ! Celebra su nacimiento con un lingote de oro de\u00a0 24 quilates, un regalo especial que une tradici\u00f3n y afecto.<\/span><span style=\"font-weight: 400;\"><br \/>\n<\/span><span style=\"font-weight: 400;\">Este lingote es un s\u00edmbolo de protecci\u00f3n, pensado para acompa\u00f1arle en sus primeros pasos con un detalle precioso y \u00fanico: puedes personalizarlo con su nombre o fecha de nacimiento.<\/span><span style=\"font-weight: 400;\"><br \/>\n<\/span><span style=\"font-weight: 400;\">Los lingotes est\u00e1n disponibles en formatos de 2 y 5 gramos, presentado en\u00a0 un blister regalo recordando la ocasi\u00f3n. <\/span><\/p>\n","protected":false},"excerpt":{"rendered":"<p>\u00a1Bienvenido al mundo, peque\u00f1o tesoro! ! Celebra su nacimiento con un lingote de oro de\u00a0 24 quilates, un regalo especial que une tradici\u00f3n y afecto. Este lingote es un s\u00edmbolo de protecci\u00f3n, pensado para acompa\u00f1arle en sus primeros pasos con un detalle precioso y \u00fanico: puedes personalizarlo con su nombre o fecha de nacimiento. Los [&hellip;]<\/p>\n","protected":false},"featured_media":3960,"comment_status":"closed","ping_status":"closed","template":"","meta":{"_acf_changed":false},"product_brand":[],"product_cat":[347],"product_tag":[],"class_list":{"0":"post-3951","1":"product","2":"type-product","3":"status-publish","4":"has-post-thumbnail","6":"product_cat-regalo-es","7":"pa_metallo-oro-es","9":"first","10":"outofstock","11":"purchasable","12":"product-type-variable","13":"has-default-attributes"},"acf":[],"_links":{"self":[{"href":"https:\/\/devshop.italpreziosi.it\/es\/wp-json\/wp\/v2\/product\/3951","targetHints":{"allow":["GET"]}}],"collection":[{"href":"https:\/\/devshop.italpreziosi.it\/es\/wp-json\/wp\/v2\/product"}],"about":[{"href":"https:\/\/devshop.italpreziosi.it\/es\/wp-json\/wp\/v2\/types\/product"}],"replies":[{"embeddable":true,"href":"https:\/\/devshop.italpreziosi.it\/es\/wp-json\/wp\/v2\/comments?post=3951"}],"wp:featuredmedia":[{"embeddable":true,"href":"https:\/\/devshop.italpreziosi.it\/es\/wp-json\/wp\/v2\/media\/3960"}],"wp:attachment":[{"href":"https:\/\/devshop.italpreziosi.it\/es\/wp-json\/wp\/v2\/media?parent=3951"}],"wp:term":[{"taxonomy":"product_brand","embeddable":true,"href":"https:\/\/devshop.italpreziosi.it\/es\/wp-json\/wp\/v2\/product_brand?post=3951"},{"taxonomy":"product_cat","embeddable":true,"href":"https:\/\/devshop.italpreziosi.it\/es\/wp-json\/wp\/v2\/product_cat?post=3951"},{"taxonomy":"product_tag","embeddable":true,"href":"https:\/\/devshop.italpreziosi.it\/es\/wp-json\/wp\/v2\/product_tag?post=3951"}],"curies":[{"name":"wp","href":"https:\/\/api.w.org\/{rel}","templated":true}]}}