{"id":3654,"date":"2025-07-24T17:22:44","date_gmt":"2025-07-24T15:22:44","guid":{"rendered":"https:\/\/devshop.italpreziosi.it\/sin categor\u00eda\/10-oz-kookaburra-australiano-plata-2023\/"},"modified":"2025-10-27T17:58:11","modified_gmt":"2025-10-27T16:58:11","slug":"10-oz-kookaburra-australiano-plata-2023","status":"publish","type":"product","link":"https:\/\/devshop.italpreziosi.it\/es\/inversion\/monedas\/plata\/10-oz-kookaburra-australiano-plata-2023\/","title":{"rendered":"10 oz Kookaburra Australiano Plata 2023"},"content":{"rendered":"<p>La edici\u00f3n 2023 del Kookaburra de 10 oz presenta un dise\u00f1o exclusivo que cambia cada a\u00f1o, celebrando al ave ic\u00f3nica de Australia. Emitida por The Perth Mint, es muy valorada por su calidad y coleccionabilidad. <\/p>\n","protected":false},"excerpt":{"rendered":"<p>La edici\u00f3n 2023 del Kookaburra de 10 oz presenta un dise\u00f1o exclusivo que cambia cada a\u00f1o, celebrando al ave ic\u00f3nica de Australia. Emitida por The Perth Mint, es muy valorada por su calidad y coleccionabilidad.<\/p>\n","protected":false},"featured_media":2235,"comment_status":"closed","ping_status":"closed","template":"","meta":{"_acf_changed":false},"product_brand":[],"product_cat":[341,329,339,330],"product_tag":[],"class_list":{"0":"post-3654","1":"product","2":"type-product","3":"status-publish","4":"has-post-thumbnail","6":"product_cat-plata-es-2","7":"product_cat-inversion","8":"product_cat-monedas-es","9":"product_cat-plata","10":"pa_metallo-plata","12":"first","13":"outofstock","14":"taxable","15":"shipping-taxable","16":"purchasable","17":"product-type-simple"},"acf":[],"_links":{"self":[{"href":"https:\/\/devshop.italpreziosi.it\/es\/wp-json\/wp\/v2\/product\/3654","targetHints":{"allow":["GET"]}}],"collection":[{"href":"https:\/\/devshop.italpreziosi.it\/es\/wp-json\/wp\/v2\/product"}],"about":[{"href":"https:\/\/devshop.italpreziosi.it\/es\/wp-json\/wp\/v2\/types\/product"}],"replies":[{"embeddable":true,"href":"https:\/\/devshop.italpreziosi.it\/es\/wp-json\/wp\/v2\/comments?post=3654"}],"wp:featuredmedia":[{"embeddable":true,"href":"https:\/\/devshop.italpreziosi.it\/es\/wp-json\/wp\/v2\/media\/2235"}],"wp:attachment":[{"href":"https:\/\/devshop.italpreziosi.it\/es\/wp-json\/wp\/v2\/media?parent=3654"}],"wp:term":[{"taxonomy":"product_brand","embeddable":true,"href":"https:\/\/devshop.italpreziosi.it\/es\/wp-json\/wp\/v2\/product_brand?post=3654"},{"taxonomy":"product_cat","embeddable":true,"href":"https:\/\/devshop.italpreziosi.it\/es\/wp-json\/wp\/v2\/product_cat?post=3654"},{"taxonomy":"product_tag","embeddable":true,"href":"https:\/\/devshop.italpreziosi.it\/es\/wp-json\/wp\/v2\/product_tag?post=3654"}],"curies":[{"name":"wp","href":"https:\/\/api.w.org\/{rel}","templated":true}]}}