{"id":3650,"date":"2025-07-24T17:16:08","date_gmt":"2025-07-24T15:16:08","guid":{"rendered":"https:\/\/devshop.italpreziosi.it\/sin categor\u00eda\/10-oz-kookaburra-australiano-plata-2025\/"},"modified":"2025-07-24T17:16:08","modified_gmt":"2025-07-24T15:16:08","slug":"10-oz-kookaburra-australiano-plata-2025","status":"publish","type":"product","link":"https:\/\/devshop.italpreziosi.it\/es\/inversion\/monedas\/plata\/10-oz-kookaburra-australiano-plata-2025\/","title":{"rendered":"10 oz Kookaburra Australiano Plata 2025"},"content":{"rendered":"<p>Esta moneda de 10 oz es una versi\u00f3n en gran formato del ic\u00f3nico Kookaburra australiano. Emitida por la Perth Mint, presenta un nuevo dise\u00f1o anual y es muy valorada por coleccionistas e inversores. <\/p>\n","protected":false},"excerpt":{"rendered":"<p>Esta moneda de 10 oz es una versi\u00f3n en gran formato del ic\u00f3nico Kookaburra australiano. Emitida por la Perth Mint, presenta un nuevo dise\u00f1o anual y es muy valorada por coleccionistas e inversores.<\/p>\n","protected":false},"featured_media":2224,"comment_status":"closed","ping_status":"closed","template":"","meta":{"_acf_changed":false},"product_brand":[],"product_cat":[341,329,339,330],"product_tag":[],"class_list":{"0":"post-3650","1":"product","2":"type-product","3":"status-publish","4":"has-post-thumbnail","6":"product_cat-plata-es-2","7":"product_cat-inversion","8":"product_cat-monedas-es","9":"product_cat-plata","10":"pa_metallo-plata","12":"first","13":"outofstock","14":"taxable","15":"shipping-taxable","16":"purchasable","17":"product-type-simple"},"acf":[],"_links":{"self":[{"href":"https:\/\/devshop.italpreziosi.it\/es\/wp-json\/wp\/v2\/product\/3650","targetHints":{"allow":["GET"]}}],"collection":[{"href":"https:\/\/devshop.italpreziosi.it\/es\/wp-json\/wp\/v2\/product"}],"about":[{"href":"https:\/\/devshop.italpreziosi.it\/es\/wp-json\/wp\/v2\/types\/product"}],"replies":[{"embeddable":true,"href":"https:\/\/devshop.italpreziosi.it\/es\/wp-json\/wp\/v2\/comments?post=3650"}],"wp:featuredmedia":[{"embeddable":true,"href":"https:\/\/devshop.italpreziosi.it\/es\/wp-json\/wp\/v2\/media\/2224"}],"wp:attachment":[{"href":"https:\/\/devshop.italpreziosi.it\/es\/wp-json\/wp\/v2\/media?parent=3650"}],"wp:term":[{"taxonomy":"product_brand","embeddable":true,"href":"https:\/\/devshop.italpreziosi.it\/es\/wp-json\/wp\/v2\/product_brand?post=3650"},{"taxonomy":"product_cat","embeddable":true,"href":"https:\/\/devshop.italpreziosi.it\/es\/wp-json\/wp\/v2\/product_cat?post=3650"},{"taxonomy":"product_tag","embeddable":true,"href":"https:\/\/devshop.italpreziosi.it\/es\/wp-json\/wp\/v2\/product_tag?post=3650"}],"curies":[{"name":"wp","href":"https:\/\/api.w.org\/{rel}","templated":true}]}}