{"id":3642,"date":"2025-07-24T17:02:51","date_gmt":"2025-07-24T15:02:51","guid":{"rendered":"https:\/\/devshop.italpreziosi.it\/sin categor\u00eda\/1-oz-kookaburra-australiano-plata-2025\/"},"modified":"2025-07-24T17:02:51","modified_gmt":"2025-07-24T15:02:51","slug":"1-oz-kookaburra-australiano-plata-2025","status":"publish","type":"product","link":"https:\/\/devshop.italpreziosi.it\/es\/inversion\/monedas\/plata\/1-oz-kookaburra-australiano-plata-2025\/","title":{"rendered":"1 oz Kookaburra Australiano Plata 2025"},"content":{"rendered":"<p>El Kookaburra es una de las monedas de plata m\u00e1s emblem\u00e1ticas de Australia. Emitida por The Perth Mint, cada a\u00f1o presenta un nuevo dise\u00f1o del ave aut\u00f3ctona que r\u00ede. <\/p>\n","protected":false},"excerpt":{"rendered":"<p>El Kookaburra es una de las monedas de plata m\u00e1s emblem\u00e1ticas de Australia. Emitida por The Perth Mint, cada a\u00f1o presenta un nuevo dise\u00f1o del ave aut\u00f3ctona que r\u00ede.<\/p>\n","protected":false},"featured_media":2157,"comment_status":"closed","ping_status":"closed","template":"","meta":{"_acf_changed":false},"product_brand":[],"product_cat":[341,329,339,330],"product_tag":[],"class_list":{"0":"post-3642","1":"product","2":"type-product","3":"status-publish","4":"has-post-thumbnail","6":"product_cat-plata-es-2","7":"product_cat-inversion","8":"product_cat-monedas-es","9":"product_cat-plata","10":"pa_metallo-plata","12":"first","13":"outofstock","14":"taxable","15":"shipping-taxable","16":"purchasable","17":"product-type-simple"},"acf":[],"_links":{"self":[{"href":"https:\/\/devshop.italpreziosi.it\/es\/wp-json\/wp\/v2\/product\/3642","targetHints":{"allow":["GET"]}}],"collection":[{"href":"https:\/\/devshop.italpreziosi.it\/es\/wp-json\/wp\/v2\/product"}],"about":[{"href":"https:\/\/devshop.italpreziosi.it\/es\/wp-json\/wp\/v2\/types\/product"}],"replies":[{"embeddable":true,"href":"https:\/\/devshop.italpreziosi.it\/es\/wp-json\/wp\/v2\/comments?post=3642"}],"wp:featuredmedia":[{"embeddable":true,"href":"https:\/\/devshop.italpreziosi.it\/es\/wp-json\/wp\/v2\/media\/2157"}],"wp:attachment":[{"href":"https:\/\/devshop.italpreziosi.it\/es\/wp-json\/wp\/v2\/media?parent=3642"}],"wp:term":[{"taxonomy":"product_brand","embeddable":true,"href":"https:\/\/devshop.italpreziosi.it\/es\/wp-json\/wp\/v2\/product_brand?post=3642"},{"taxonomy":"product_cat","embeddable":true,"href":"https:\/\/devshop.italpreziosi.it\/es\/wp-json\/wp\/v2\/product_cat?post=3642"},{"taxonomy":"product_tag","embeddable":true,"href":"https:\/\/devshop.italpreziosi.it\/es\/wp-json\/wp\/v2\/product_tag?post=3642"}],"curies":[{"name":"wp","href":"https:\/\/api.w.org\/{rel}","templated":true}]}}