{"id":3626,"date":"2025-07-24T16:28:19","date_gmt":"2025-07-24T14:28:19","guid":{"rendered":"https:\/\/devshop.italpreziosi.it\/sin categor\u00eda\/1-oz-krugerrand-plata-2025\/"},"modified":"2025-07-24T16:28:19","modified_gmt":"2025-07-24T14:28:19","slug":"1-oz-krugerrand-plata-2025","status":"publish","type":"product","link":"https:\/\/devshop.italpreziosi.it\/es\/inversion\/monedas\/plata\/1-oz-krugerrand-plata-2025\/","title":{"rendered":"1 oz Krugerrand Plata 2025"},"content":{"rendered":"<p>El Krugerrand de plata es un producto de inversi\u00f3n moderno emitido por la Casa de la Moneda de Sud\u00e1frica. Presenta el perfil de Paul Kruger en el anverso y un ant\u00edlope springbok en el reverso. <\/p>\n","protected":false},"excerpt":{"rendered":"<p>El Krugerrand de plata es un producto de inversi\u00f3n moderno emitido por la Casa de la Moneda de Sud\u00e1frica. Presenta el perfil de Paul Kruger en el anverso y un ant\u00edlope springbok en el reverso.<\/p>\n","protected":false},"featured_media":2083,"comment_status":"closed","ping_status":"closed","template":"","meta":{"_acf_changed":false},"product_brand":[],"product_cat":[341,329,339,330],"product_tag":[],"class_list":{"0":"post-3626","1":"product","2":"type-product","3":"status-publish","4":"has-post-thumbnail","6":"product_cat-plata-es-2","7":"product_cat-inversion","8":"product_cat-monedas-es","9":"product_cat-plata","10":"pa_metallo-plata","12":"first","13":"outofstock","14":"taxable","15":"shipping-taxable","16":"purchasable","17":"product-type-simple"},"acf":[],"_links":{"self":[{"href":"https:\/\/devshop.italpreziosi.it\/es\/wp-json\/wp\/v2\/product\/3626","targetHints":{"allow":["GET"]}}],"collection":[{"href":"https:\/\/devshop.italpreziosi.it\/es\/wp-json\/wp\/v2\/product"}],"about":[{"href":"https:\/\/devshop.italpreziosi.it\/es\/wp-json\/wp\/v2\/types\/product"}],"replies":[{"embeddable":true,"href":"https:\/\/devshop.italpreziosi.it\/es\/wp-json\/wp\/v2\/comments?post=3626"}],"wp:featuredmedia":[{"embeddable":true,"href":"https:\/\/devshop.italpreziosi.it\/es\/wp-json\/wp\/v2\/media\/2083"}],"wp:attachment":[{"href":"https:\/\/devshop.italpreziosi.it\/es\/wp-json\/wp\/v2\/media?parent=3626"}],"wp:term":[{"taxonomy":"product_brand","embeddable":true,"href":"https:\/\/devshop.italpreziosi.it\/es\/wp-json\/wp\/v2\/product_brand?post=3626"},{"taxonomy":"product_cat","embeddable":true,"href":"https:\/\/devshop.italpreziosi.it\/es\/wp-json\/wp\/v2\/product_cat?post=3626"},{"taxonomy":"product_tag","embeddable":true,"href":"https:\/\/devshop.italpreziosi.it\/es\/wp-json\/wp\/v2\/product_tag?post=3626"}],"curies":[{"name":"wp","href":"https:\/\/api.w.org\/{rel}","templated":true}]}}