{"id":3618,"date":"2025-07-23T15:04:16","date_gmt":"2025-07-23T13:04:16","guid":{"rendered":"https:\/\/devshop.italpreziosi.it\/sin categor\u00eda\/1-10-oz-canguro-australiano-oro-2025\/"},"modified":"2025-11-19T18:25:05","modified_gmt":"2025-11-19T17:25:05","slug":"1-10-oz-canguro-australiano-oro-2025","status":"publish","type":"product","link":"https:\/\/devshop.italpreziosi.it\/es\/inversion\/monedas\/oro\/1-10-oz-canguro-australiano-oro-2025\/","title":{"rendered":"1\/10 oz Canguro Australiano Oro 2025"},"content":{"rendered":"<p><span data-sheets-root=\"1\">El Canguro de 1\/10 oz es la moneda m\u00e1s peque\u00f1a de la serie de la Perth Mint. Su dise\u00f1o cambia cada a\u00f1o, lo que la hace atractiva para coleccionistas.<\/span><\/p>\n","protected":false},"excerpt":{"rendered":"<p>El Canguro de 1\/10 oz es la moneda m\u00e1s peque\u00f1a de la serie de la Perth Mint. Su dise\u00f1o cambia cada a\u00f1o, lo que la hace atractiva para coleccionistas.<\/p>\n","protected":false},"featured_media":2049,"comment_status":"closed","ping_status":"closed","template":"","meta":{"_acf_changed":false},"product_brand":[],"product_cat":[343,329,339,345],"product_tag":[],"class_list":{"0":"post-3618","1":"product","2":"type-product","3":"status-publish","4":"has-post-thumbnail","6":"product_cat-oro-es-2","7":"product_cat-inversion","8":"product_cat-monedas-es","9":"product_cat-oro-es-3","10":"pa_metallo-oro-es","12":"first","13":"outofstock","14":"purchasable","15":"product-type-simple"},"acf":[],"_links":{"self":[{"href":"https:\/\/devshop.italpreziosi.it\/es\/wp-json\/wp\/v2\/product\/3618","targetHints":{"allow":["GET"]}}],"collection":[{"href":"https:\/\/devshop.italpreziosi.it\/es\/wp-json\/wp\/v2\/product"}],"about":[{"href":"https:\/\/devshop.italpreziosi.it\/es\/wp-json\/wp\/v2\/types\/product"}],"replies":[{"embeddable":true,"href":"https:\/\/devshop.italpreziosi.it\/es\/wp-json\/wp\/v2\/comments?post=3618"}],"wp:featuredmedia":[{"embeddable":true,"href":"https:\/\/devshop.italpreziosi.it\/es\/wp-json\/wp\/v2\/media\/2049"}],"wp:attachment":[{"href":"https:\/\/devshop.italpreziosi.it\/es\/wp-json\/wp\/v2\/media?parent=3618"}],"wp:term":[{"taxonomy":"product_brand","embeddable":true,"href":"https:\/\/devshop.italpreziosi.it\/es\/wp-json\/wp\/v2\/product_brand?post=3618"},{"taxonomy":"product_cat","embeddable":true,"href":"https:\/\/devshop.italpreziosi.it\/es\/wp-json\/wp\/v2\/product_cat?post=3618"},{"taxonomy":"product_tag","embeddable":true,"href":"https:\/\/devshop.italpreziosi.it\/es\/wp-json\/wp\/v2\/product_tag?post=3618"}],"curies":[{"name":"wp","href":"https:\/\/api.w.org\/{rel}","templated":true}]}}