{"id":3604,"date":"2025-07-23T14:39:38","date_gmt":"2025-07-23T12:39:38","guid":{"rendered":"https:\/\/devshop.italpreziosi.it\/sin categor\u00eda\/1-4-oz-aguila-americana-oro-2025\/"},"modified":"2025-07-23T14:39:38","modified_gmt":"2025-07-23T12:39:38","slug":"1-4-oz-aguila-americana-oro-2025","status":"publish","type":"product","link":"https:\/\/devshop.italpreziosi.it\/es\/inversion\/monedas\/oro\/1-4-oz-aguila-americana-oro-2025\/","title":{"rendered":"1\/4 oz \u00c1guila Americana Oro 2025"},"content":{"rendered":"<p>El American Eagle de 1\/4 oz 2025 es una inversi\u00f3n vers\u00e1til que combina belleza y prestigio. Presenta a Lady Liberty y el dise\u00f1o moderno del \u00e1guila en oro de 22k. <\/p>\n","protected":false},"excerpt":{"rendered":"<p>El American Eagle de 1\/4 oz 2025 es una inversi\u00f3n vers\u00e1til que combina belleza y prestigio. Presenta a Lady Liberty y el dise\u00f1o moderno del \u00e1guila en oro de 22k.<\/p>\n","protected":false},"featured_media":1987,"comment_status":"closed","ping_status":"closed","template":"","meta":{"_acf_changed":false},"product_brand":[],"product_cat":[343,329,339,345],"product_tag":[],"class_list":{"0":"post-3604","1":"product","2":"type-product","3":"status-publish","4":"has-post-thumbnail","6":"product_cat-oro-es-2","7":"product_cat-inversion","8":"product_cat-monedas-es","9":"product_cat-oro-es-3","10":"pa_metallo-oro-es","12":"first","13":"outofstock","14":"purchasable","15":"product-type-simple"},"acf":[],"_links":{"self":[{"href":"https:\/\/devshop.italpreziosi.it\/es\/wp-json\/wp\/v2\/product\/3604","targetHints":{"allow":["GET"]}}],"collection":[{"href":"https:\/\/devshop.italpreziosi.it\/es\/wp-json\/wp\/v2\/product"}],"about":[{"href":"https:\/\/devshop.italpreziosi.it\/es\/wp-json\/wp\/v2\/types\/product"}],"replies":[{"embeddable":true,"href":"https:\/\/devshop.italpreziosi.it\/es\/wp-json\/wp\/v2\/comments?post=3604"}],"wp:featuredmedia":[{"embeddable":true,"href":"https:\/\/devshop.italpreziosi.it\/es\/wp-json\/wp\/v2\/media\/1987"}],"wp:attachment":[{"href":"https:\/\/devshop.italpreziosi.it\/es\/wp-json\/wp\/v2\/media?parent=3604"}],"wp:term":[{"taxonomy":"product_brand","embeddable":true,"href":"https:\/\/devshop.italpreziosi.it\/es\/wp-json\/wp\/v2\/product_brand?post=3604"},{"taxonomy":"product_cat","embeddable":true,"href":"https:\/\/devshop.italpreziosi.it\/es\/wp-json\/wp\/v2\/product_cat?post=3604"},{"taxonomy":"product_tag","embeddable":true,"href":"https:\/\/devshop.italpreziosi.it\/es\/wp-json\/wp\/v2\/product_tag?post=3604"}],"curies":[{"name":"wp","href":"https:\/\/api.w.org\/{rel}","templated":true}]}}