{"id":3594,"date":"2025-07-23T12:17:06","date_gmt":"2025-07-23T10:17:06","guid":{"rendered":"https:\/\/devshop.italpreziosi.it\/sin categor\u00eda\/1-oz-canguro-nugget-australiano-oro-anos-varios\/"},"modified":"2025-07-23T12:17:06","modified_gmt":"2025-07-23T10:17:06","slug":"1-oz-canguro-nugget-australiano-oro-anos-varios","status":"publish","type":"product","link":"https:\/\/devshop.italpreziosi.it\/es\/inversion\/monedas\/oro\/1-oz-canguro-nugget-australiano-oro-anos-varios\/","title":{"rendered":"1 oz Canguro Nugget Australiano Oro (A\u00f1os varios)"},"content":{"rendered":"<p>El Canguro Nugget es la moneda de oro insignia de la Perth Mint. Su dise\u00f1o cambia cada a\u00f1o y tiene una pureza de 999.9, ideal para inversores y coleccionistas. <\/p>\n","protected":false},"excerpt":{"rendered":"<p>El Canguro Nugget es la moneda de oro insignia de la Perth Mint. Su dise\u00f1o cambia cada a\u00f1o y tiene una pureza de 999.9, ideal para inversores y coleccionistas.<\/p>\n","protected":false},"featured_media":1948,"comment_status":"closed","ping_status":"closed","template":"","meta":{"_acf_changed":false},"product_brand":[],"product_cat":[343,329,339,345],"product_tag":[],"class_list":{"0":"post-3594","1":"product","2":"type-product","3":"status-publish","4":"has-post-thumbnail","6":"product_cat-oro-es-2","7":"product_cat-inversion","8":"product_cat-monedas-es","9":"product_cat-oro-es-3","10":"pa_metallo-oro-es","12":"first","13":"outofstock","14":"product-type-simple"},"acf":[],"_links":{"self":[{"href":"https:\/\/devshop.italpreziosi.it\/es\/wp-json\/wp\/v2\/product\/3594","targetHints":{"allow":["GET"]}}],"collection":[{"href":"https:\/\/devshop.italpreziosi.it\/es\/wp-json\/wp\/v2\/product"}],"about":[{"href":"https:\/\/devshop.italpreziosi.it\/es\/wp-json\/wp\/v2\/types\/product"}],"replies":[{"embeddable":true,"href":"https:\/\/devshop.italpreziosi.it\/es\/wp-json\/wp\/v2\/comments?post=3594"}],"wp:featuredmedia":[{"embeddable":true,"href":"https:\/\/devshop.italpreziosi.it\/es\/wp-json\/wp\/v2\/media\/1948"}],"wp:attachment":[{"href":"https:\/\/devshop.italpreziosi.it\/es\/wp-json\/wp\/v2\/media?parent=3594"}],"wp:term":[{"taxonomy":"product_brand","embeddable":true,"href":"https:\/\/devshop.italpreziosi.it\/es\/wp-json\/wp\/v2\/product_brand?post=3594"},{"taxonomy":"product_cat","embeddable":true,"href":"https:\/\/devshop.italpreziosi.it\/es\/wp-json\/wp\/v2\/product_cat?post=3594"},{"taxonomy":"product_tag","embeddable":true,"href":"https:\/\/devshop.italpreziosi.it\/es\/wp-json\/wp\/v2\/product_tag?post=3594"}],"curies":[{"name":"wp","href":"https:\/\/api.w.org\/{rel}","templated":true}]}}