{"id":3584,"date":"2025-07-23T10:45:36","date_gmt":"2025-07-23T08:45:36","guid":{"rendered":"https:\/\/devshop.italpreziosi.it\/sin categor\u00eda\/1-g-panda-chino-oro-2025\/"},"modified":"2025-07-23T10:45:36","modified_gmt":"2025-07-23T08:45:36","slug":"1-g-panda-chino-oro-2025","status":"publish","type":"product","link":"https:\/\/devshop.italpreziosi.it\/es\/inversion\/monedas\/oro\/1-g-panda-chino-oro-2025\/","title":{"rendered":"1 g Panda Chino Oro 2025"},"content":{"rendered":"<p>El Panda Chino de 1g es la versi\u00f3n m\u00e1s peque\u00f1a de la serie oficial de inversi\u00f3n en oro de China. Apreciado por su dise\u00f1o de panda cambiante cada a\u00f1o.<\/p>\n","protected":false},"excerpt":{"rendered":"<p>El Panda Chino de 1g es la versi\u00f3n m\u00e1s peque\u00f1a de la serie oficial de inversi\u00f3n en oro de China. Apreciado por su dise\u00f1o de panda cambiante cada a\u00f1o.<\/p>\n","protected":false},"featured_media":1912,"comment_status":"closed","ping_status":"closed","template":"","meta":{"_acf_changed":false},"product_brand":[],"product_cat":[343,329,339,345],"product_tag":[],"class_list":{"0":"post-3584","1":"product","2":"type-product","3":"status-publish","4":"has-post-thumbnail","6":"product_cat-oro-es-2","7":"product_cat-inversion","8":"product_cat-monedas-es","9":"product_cat-oro-es-3","10":"pa_metallo-oro-es","12":"first","13":"outofstock","14":"purchasable","15":"product-type-simple"},"acf":[],"_links":{"self":[{"href":"https:\/\/devshop.italpreziosi.it\/es\/wp-json\/wp\/v2\/product\/3584","targetHints":{"allow":["GET"]}}],"collection":[{"href":"https:\/\/devshop.italpreziosi.it\/es\/wp-json\/wp\/v2\/product"}],"about":[{"href":"https:\/\/devshop.italpreziosi.it\/es\/wp-json\/wp\/v2\/types\/product"}],"replies":[{"embeddable":true,"href":"https:\/\/devshop.italpreziosi.it\/es\/wp-json\/wp\/v2\/comments?post=3584"}],"wp:featuredmedia":[{"embeddable":true,"href":"https:\/\/devshop.italpreziosi.it\/es\/wp-json\/wp\/v2\/media\/1912"}],"wp:attachment":[{"href":"https:\/\/devshop.italpreziosi.it\/es\/wp-json\/wp\/v2\/media?parent=3584"}],"wp:term":[{"taxonomy":"product_brand","embeddable":true,"href":"https:\/\/devshop.italpreziosi.it\/es\/wp-json\/wp\/v2\/product_brand?post=3584"},{"taxonomy":"product_cat","embeddable":true,"href":"https:\/\/devshop.italpreziosi.it\/es\/wp-json\/wp\/v2\/product_cat?post=3584"},{"taxonomy":"product_tag","embeddable":true,"href":"https:\/\/devshop.italpreziosi.it\/es\/wp-json\/wp\/v2\/product_tag?post=3584"}],"curies":[{"name":"wp","href":"https:\/\/api.w.org\/{rel}","templated":true}]}}