{"id":3578,"date":"2025-07-23T10:26:33","date_gmt":"2025-07-23T08:26:33","guid":{"rendered":"https:\/\/devshop.italpreziosi.it\/sin categor\u00eda\/1-oz-filarmonica-de-viena-oro-anos-varios\/"},"modified":"2025-07-23T10:26:33","modified_gmt":"2025-07-23T08:26:33","slug":"1-oz-filarmonica-de-viena-oro-anos-varios","status":"publish","type":"product","link":"https:\/\/devshop.italpreziosi.it\/es\/inversion\/monedas\/oro\/1-oz-filarmonica-de-viena-oro-anos-varios\/","title":{"rendered":"1 oz Filarm\u00f3nica de Viena Oro (A\u00f1os varios)"},"content":{"rendered":"<p>La Filarm\u00f3nica de Viena es la moneda de oro oficial de Austria. Las ediciones de a\u00f1os variados presentan el mismo dise\u00f1o en honor a la m\u00fasica cl\u00e1sica y a la Orquesta Filarm\u00f3nica de Viena. <\/p>\n","protected":false},"excerpt":{"rendered":"<p>La Filarm\u00f3nica de Viena es la moneda de oro oficial de Austria. Las ediciones de a\u00f1os variados presentan el mismo dise\u00f1o en honor a la m\u00fasica cl\u00e1sica y a la Orquesta Filarm\u00f3nica de Viena.<\/p>\n","protected":false},"featured_media":1892,"comment_status":"closed","ping_status":"closed","template":"","meta":{"_acf_changed":false},"product_brand":[],"product_cat":[343,329,339,345],"product_tag":[],"class_list":{"0":"post-3578","1":"product","2":"type-product","3":"status-publish","4":"has-post-thumbnail","6":"product_cat-oro-es-2","7":"product_cat-inversion","8":"product_cat-monedas-es","9":"product_cat-oro-es-3","10":"pa_metallo-oro-es","12":"first","13":"outofstock","14":"product-type-simple"},"acf":[],"_links":{"self":[{"href":"https:\/\/devshop.italpreziosi.it\/es\/wp-json\/wp\/v2\/product\/3578","targetHints":{"allow":["GET"]}}],"collection":[{"href":"https:\/\/devshop.italpreziosi.it\/es\/wp-json\/wp\/v2\/product"}],"about":[{"href":"https:\/\/devshop.italpreziosi.it\/es\/wp-json\/wp\/v2\/types\/product"}],"replies":[{"embeddable":true,"href":"https:\/\/devshop.italpreziosi.it\/es\/wp-json\/wp\/v2\/comments?post=3578"}],"wp:featuredmedia":[{"embeddable":true,"href":"https:\/\/devshop.italpreziosi.it\/es\/wp-json\/wp\/v2\/media\/1892"}],"wp:attachment":[{"href":"https:\/\/devshop.italpreziosi.it\/es\/wp-json\/wp\/v2\/media?parent=3578"}],"wp:term":[{"taxonomy":"product_brand","embeddable":true,"href":"https:\/\/devshop.italpreziosi.it\/es\/wp-json\/wp\/v2\/product_brand?post=3578"},{"taxonomy":"product_cat","embeddable":true,"href":"https:\/\/devshop.italpreziosi.it\/es\/wp-json\/wp\/v2\/product_cat?post=3578"},{"taxonomy":"product_tag","embeddable":true,"href":"https:\/\/devshop.italpreziosi.it\/es\/wp-json\/wp\/v2\/product_tag?post=3578"}],"curies":[{"name":"wp","href":"https:\/\/api.w.org\/{rel}","templated":true}]}}