{"id":3576,"date":"2025-07-23T10:22:39","date_gmt":"2025-07-23T08:22:39","guid":{"rendered":"https:\/\/devshop.italpreziosi.it\/sin categor\u00eda\/1-oz-britannia-oro-2023-reina-isabel-ii\/"},"modified":"2025-10-27T17:58:11","modified_gmt":"2025-10-27T16:58:11","slug":"1-oz-britannia-oro-2023-reina-isabel-ii","status":"publish","type":"product","link":"https:\/\/devshop.italpreziosi.it\/es\/inversion\/monedas\/oro\/1-oz-britannia-oro-2023-reina-isabel-ii\/","title":{"rendered":"1 oz Britannia Oro 2023 \u2013 Reina Isabel II"},"content":{"rendered":"<p>Esta Britannia 2023 muestra el \u00faltimo retrato de la Reina Isabel II, lo que la convierte en una edici\u00f3n de colecci\u00f3n. Incluye el dise\u00f1o cl\u00e1sico y medidas de seguridad avanzadas. <\/p>\n","protected":false},"excerpt":{"rendered":"<p>Esta Britannia 2023 muestra el \u00faltimo retrato de la Reina Isabel II, lo que la convierte en una edici\u00f3n de colecci\u00f3n. Incluye el dise\u00f1o cl\u00e1sico y medidas de seguridad avanzadas.<\/p>\n","protected":false},"featured_media":1882,"comment_status":"closed","ping_status":"closed","template":"","meta":{"_acf_changed":false},"product_brand":[],"product_cat":[343,329,339,345],"product_tag":[],"class_list":{"0":"post-3576","1":"product","2":"type-product","3":"status-publish","4":"has-post-thumbnail","6":"product_cat-oro-es-2","7":"product_cat-inversion","8":"product_cat-monedas-es","9":"product_cat-oro-es-3","10":"pa_metallo-oro-es","12":"first","13":"instock","14":"product-type-simple"},"acf":[],"_links":{"self":[{"href":"https:\/\/devshop.italpreziosi.it\/es\/wp-json\/wp\/v2\/product\/3576","targetHints":{"allow":["GET"]}}],"collection":[{"href":"https:\/\/devshop.italpreziosi.it\/es\/wp-json\/wp\/v2\/product"}],"about":[{"href":"https:\/\/devshop.italpreziosi.it\/es\/wp-json\/wp\/v2\/types\/product"}],"replies":[{"embeddable":true,"href":"https:\/\/devshop.italpreziosi.it\/es\/wp-json\/wp\/v2\/comments?post=3576"}],"wp:featuredmedia":[{"embeddable":true,"href":"https:\/\/devshop.italpreziosi.it\/es\/wp-json\/wp\/v2\/media\/1882"}],"wp:attachment":[{"href":"https:\/\/devshop.italpreziosi.it\/es\/wp-json\/wp\/v2\/media?parent=3576"}],"wp:term":[{"taxonomy":"product_brand","embeddable":true,"href":"https:\/\/devshop.italpreziosi.it\/es\/wp-json\/wp\/v2\/product_brand?post=3576"},{"taxonomy":"product_cat","embeddable":true,"href":"https:\/\/devshop.italpreziosi.it\/es\/wp-json\/wp\/v2\/product_cat?post=3576"},{"taxonomy":"product_tag","embeddable":true,"href":"https:\/\/devshop.italpreziosi.it\/es\/wp-json\/wp\/v2\/product_tag?post=3576"}],"curies":[{"name":"wp","href":"https:\/\/api.w.org\/{rel}","templated":true}]}}