{"id":3570,"date":"2025-07-23T10:03:13","date_gmt":"2025-07-23T08:03:13","guid":{"rendered":"https:\/\/devshop.italpreziosi.it\/sin categor\u00eda\/20-francos-franceses-oro-napoleon-iii-coronado-1861-1870\/"},"modified":"2025-11-19T18:30:05","modified_gmt":"2025-11-19T17:30:05","slug":"20-francos-franceses-oro-napoleon-iii-coronado-1861-1870","status":"publish","type":"product","link":"https:\/\/devshop.italpreziosi.it\/es\/inversion\/monedas\/oro\/20-francos-franceses-oro-napoleon-iii-coronado-1861-1870\/","title":{"rendered":"20 Francos Franceses Oro \u2013 Napole\u00f3n III Coronado (1861\u20131870)"},"content":{"rendered":"<p>Estas monedas de oro muestran a Napole\u00f3n III con corona de laurel, s\u00edmbolo de poder imperial. Una pieza cl\u00e1sica y buscada del Segundo Imperio Franc\u00e9s.<\/p>\n","protected":false},"excerpt":{"rendered":"<p>Estas monedas de oro muestran a Napole\u00f3n III con corona de laurel, s\u00edmbolo de poder imperial. Una pieza cl\u00e1sica y buscada del Segundo Imperio Franc\u00e9s.<\/p>\n","protected":false},"featured_media":1858,"comment_status":"closed","ping_status":"closed","template":"","meta":{"_acf_changed":false},"product_brand":[],"product_cat":[343,329,339,345],"product_tag":[],"class_list":{"0":"post-3570","1":"product","2":"type-product","3":"status-publish","4":"has-post-thumbnail","6":"product_cat-oro-es-2","7":"product_cat-inversion","8":"product_cat-monedas-es","9":"product_cat-oro-es-3","10":"pa_metallo-oro-es","12":"first","13":"outofstock","14":"purchasable","15":"product-type-simple"},"acf":[],"_links":{"self":[{"href":"https:\/\/devshop.italpreziosi.it\/es\/wp-json\/wp\/v2\/product\/3570","targetHints":{"allow":["GET"]}}],"collection":[{"href":"https:\/\/devshop.italpreziosi.it\/es\/wp-json\/wp\/v2\/product"}],"about":[{"href":"https:\/\/devshop.italpreziosi.it\/es\/wp-json\/wp\/v2\/types\/product"}],"replies":[{"embeddable":true,"href":"https:\/\/devshop.italpreziosi.it\/es\/wp-json\/wp\/v2\/comments?post=3570"}],"wp:featuredmedia":[{"embeddable":true,"href":"https:\/\/devshop.italpreziosi.it\/es\/wp-json\/wp\/v2\/media\/1858"}],"wp:attachment":[{"href":"https:\/\/devshop.italpreziosi.it\/es\/wp-json\/wp\/v2\/media?parent=3570"}],"wp:term":[{"taxonomy":"product_brand","embeddable":true,"href":"https:\/\/devshop.italpreziosi.it\/es\/wp-json\/wp\/v2\/product_brand?post=3570"},{"taxonomy":"product_cat","embeddable":true,"href":"https:\/\/devshop.italpreziosi.it\/es\/wp-json\/wp\/v2\/product_cat?post=3570"},{"taxonomy":"product_tag","embeddable":true,"href":"https:\/\/devshop.italpreziosi.it\/es\/wp-json\/wp\/v2\/product_tag?post=3570"}],"curies":[{"name":"wp","href":"https:\/\/api.w.org\/{rel}","templated":true}]}}