{"id":3566,"date":"2025-07-23T09:51:51","date_gmt":"2025-07-23T07:51:51","guid":{"rendered":"https:\/\/devshop.italpreziosi.it\/sin categor\u00eda\/1-4-oz-bestias-tudor-lebrel-de-richmond-oro-2025\/"},"modified":"2025-11-19T18:30:06","modified_gmt":"2025-11-19T17:30:06","slug":"1-4-oz-bestias-tudor-lebrel-de-richmond-oro-2025","status":"publish","type":"product","link":"https:\/\/devshop.italpreziosi.it\/es\/inversion\/monedas\/oro\/1-4-oz-bestias-tudor-lebrel-de-richmond-oro-2025\/","title":{"rendered":"1\/4 oz Bestias Tudor \u2013 Lebrel de Richmond Oro 2025"},"content":{"rendered":"<p>Esta moneda de 1\/4 oz pertenece a la serie Bestias Tudor de la Royal Mint y presenta al Lebrel de Richmond, s\u00edmbolo her\u00e1ldico de lealtad y rapidez. Acu\u00f1ada en oro fino 999.9.<\/p>\n","protected":false},"excerpt":{"rendered":"<p>Esta moneda de 1\/4 oz pertenece a la serie Bestias Tudor de la Royal Mint y presenta al Lebrel de Richmond, s\u00edmbolo her\u00e1ldico de lealtad y rapidez. Acu\u00f1ada en oro fino 999.9.<\/p>\n","protected":false},"featured_media":1838,"comment_status":"closed","ping_status":"closed","template":"","meta":{"_acf_changed":false},"product_brand":[],"product_cat":[343,329,339,345],"product_tag":[],"class_list":{"0":"post-3566","1":"product","2":"type-product","3":"status-publish","4":"has-post-thumbnail","6":"product_cat-oro-es-2","7":"product_cat-inversion","8":"product_cat-monedas-es","9":"product_cat-oro-es-3","10":"pa_metallo-oro-es","12":"first","13":"outofstock","14":"purchasable","15":"product-type-simple"},"acf":[],"_links":{"self":[{"href":"https:\/\/devshop.italpreziosi.it\/es\/wp-json\/wp\/v2\/product\/3566","targetHints":{"allow":["GET"]}}],"collection":[{"href":"https:\/\/devshop.italpreziosi.it\/es\/wp-json\/wp\/v2\/product"}],"about":[{"href":"https:\/\/devshop.italpreziosi.it\/es\/wp-json\/wp\/v2\/types\/product"}],"replies":[{"embeddable":true,"href":"https:\/\/devshop.italpreziosi.it\/es\/wp-json\/wp\/v2\/comments?post=3566"}],"wp:featuredmedia":[{"embeddable":true,"href":"https:\/\/devshop.italpreziosi.it\/es\/wp-json\/wp\/v2\/media\/1838"}],"wp:attachment":[{"href":"https:\/\/devshop.italpreziosi.it\/es\/wp-json\/wp\/v2\/media?parent=3566"}],"wp:term":[{"taxonomy":"product_brand","embeddable":true,"href":"https:\/\/devshop.italpreziosi.it\/es\/wp-json\/wp\/v2\/product_brand?post=3566"},{"taxonomy":"product_cat","embeddable":true,"href":"https:\/\/devshop.italpreziosi.it\/es\/wp-json\/wp\/v2\/product_cat?post=3566"},{"taxonomy":"product_tag","embeddable":true,"href":"https:\/\/devshop.italpreziosi.it\/es\/wp-json\/wp\/v2\/product_tag?post=3566"}],"curies":[{"name":"wp","href":"https:\/\/api.w.org\/{rel}","templated":true}]}}