{"id":3560,"date":"2025-07-16T18:29:14","date_gmt":"2025-07-16T16:29:14","guid":{"rendered":"https:\/\/devshop.italpreziosi.it\/sin categor\u00eda\/20-francos-suizos-vreneli-oro-1897-1949\/"},"modified":"2025-11-19T18:30:06","modified_gmt":"2025-11-19T17:30:06","slug":"20-francos-suizos-vreneli-oro-1897-1949","status":"publish","type":"product","link":"https:\/\/devshop.italpreziosi.it\/es\/inversion\/monedas\/oro\/20-francos-suizos-vreneli-oro-1897-1949\/","title":{"rendered":"20 Francos Suizos Vreneli Oro \u2013 1897\u20131949"},"content":{"rendered":"<p>El Vreneli es la moneda de oro hist\u00f3rica m\u00e1s famosa de Suiza. Muestra la alegor\u00eda femenina suiza en el anverso y la cruz suiza dentro de un escudo en el reverso.<\/p>\n","protected":false},"excerpt":{"rendered":"<p>El Vreneli es la moneda de oro hist\u00f3rica m\u00e1s famosa de Suiza. Muestra la alegor\u00eda femenina suiza en el anverso y la cruz suiza dentro de un escudo en el reverso.<\/p>\n","protected":false},"featured_media":1796,"comment_status":"closed","ping_status":"closed","template":"","meta":{"_acf_changed":false},"product_brand":[],"product_cat":[343,329,339,345],"product_tag":[],"class_list":{"0":"post-3560","1":"product","2":"type-product","3":"status-publish","4":"has-post-thumbnail","6":"product_cat-oro-es-2","7":"product_cat-inversion","8":"product_cat-monedas-es","9":"product_cat-oro-es-3","10":"pa_metallo-oro-es","12":"first","13":"outofstock","14":"purchasable","15":"product-type-simple"},"acf":[],"_links":{"self":[{"href":"https:\/\/devshop.italpreziosi.it\/es\/wp-json\/wp\/v2\/product\/3560","targetHints":{"allow":["GET"]}}],"collection":[{"href":"https:\/\/devshop.italpreziosi.it\/es\/wp-json\/wp\/v2\/product"}],"about":[{"href":"https:\/\/devshop.italpreziosi.it\/es\/wp-json\/wp\/v2\/types\/product"}],"replies":[{"embeddable":true,"href":"https:\/\/devshop.italpreziosi.it\/es\/wp-json\/wp\/v2\/comments?post=3560"}],"wp:featuredmedia":[{"embeddable":true,"href":"https:\/\/devshop.italpreziosi.it\/es\/wp-json\/wp\/v2\/media\/1796"}],"wp:attachment":[{"href":"https:\/\/devshop.italpreziosi.it\/es\/wp-json\/wp\/v2\/media?parent=3560"}],"wp:term":[{"taxonomy":"product_brand","embeddable":true,"href":"https:\/\/devshop.italpreziosi.it\/es\/wp-json\/wp\/v2\/product_brand?post=3560"},{"taxonomy":"product_cat","embeddable":true,"href":"https:\/\/devshop.italpreziosi.it\/es\/wp-json\/wp\/v2\/product_cat?post=3560"},{"taxonomy":"product_tag","embeddable":true,"href":"https:\/\/devshop.italpreziosi.it\/es\/wp-json\/wp\/v2\/product_tag?post=3560"}],"curies":[{"name":"wp","href":"https:\/\/api.w.org\/{rel}","templated":true}]}}