{"id":3558,"date":"2025-07-16T18:19:58","date_gmt":"2025-07-16T16:19:58","guid":{"rendered":"https:\/\/devshop.italpreziosi.it\/sin categor\u00eda\/1-oz-bufalo-americano-oro-2025\/"},"modified":"2025-11-19T18:30:06","modified_gmt":"2025-11-19T17:30:06","slug":"1-oz-bufalo-americano-oro-2025","status":"publish","type":"product","link":"https:\/\/devshop.italpreziosi.it\/es\/inversion\/monedas\/oro\/1-oz-bufalo-americano-oro-2025\/","title":{"rendered":"1 oz B\u00fafalo Americano Oro 2025"},"content":{"rendered":"<p>El B\u00fafalo Americano es la primera moneda de inversi\u00f3n de oro puro (24k) de EE.UU. Presenta un perfil de nativo americano en el anverso y un b\u00fafalo en el reverso.<\/p>\n","protected":false},"excerpt":{"rendered":"<p>El B\u00fafalo Americano es la primera moneda de inversi\u00f3n de oro puro (24k) de EE.UU. Presenta un perfil de nativo americano en el anverso y un b\u00fafalo en el reverso.<\/p>\n","protected":false},"featured_media":1786,"comment_status":"closed","ping_status":"closed","template":"","meta":{"_acf_changed":false},"product_brand":[],"product_cat":[343,329,339,345],"product_tag":[],"class_list":{"0":"post-3558","1":"product","2":"type-product","3":"status-publish","4":"has-post-thumbnail","6":"product_cat-oro-es-2","7":"product_cat-inversion","8":"product_cat-monedas-es","9":"product_cat-oro-es-3","10":"pa_metallo-oro-es","12":"first","13":"outofstock","14":"product-type-simple"},"acf":[],"_links":{"self":[{"href":"https:\/\/devshop.italpreziosi.it\/es\/wp-json\/wp\/v2\/product\/3558","targetHints":{"allow":["GET"]}}],"collection":[{"href":"https:\/\/devshop.italpreziosi.it\/es\/wp-json\/wp\/v2\/product"}],"about":[{"href":"https:\/\/devshop.italpreziosi.it\/es\/wp-json\/wp\/v2\/types\/product"}],"replies":[{"embeddable":true,"href":"https:\/\/devshop.italpreziosi.it\/es\/wp-json\/wp\/v2\/comments?post=3558"}],"wp:featuredmedia":[{"embeddable":true,"href":"https:\/\/devshop.italpreziosi.it\/es\/wp-json\/wp\/v2\/media\/1786"}],"wp:attachment":[{"href":"https:\/\/devshop.italpreziosi.it\/es\/wp-json\/wp\/v2\/media?parent=3558"}],"wp:term":[{"taxonomy":"product_brand","embeddable":true,"href":"https:\/\/devshop.italpreziosi.it\/es\/wp-json\/wp\/v2\/product_brand?post=3558"},{"taxonomy":"product_cat","embeddable":true,"href":"https:\/\/devshop.italpreziosi.it\/es\/wp-json\/wp\/v2\/product_cat?post=3558"},{"taxonomy":"product_tag","embeddable":true,"href":"https:\/\/devshop.italpreziosi.it\/es\/wp-json\/wp\/v2\/product_tag?post=3558"}],"curies":[{"name":"wp","href":"https:\/\/api.w.org\/{rel}","templated":true}]}}