{"id":3554,"date":"2025-07-16T18:10:06","date_gmt":"2025-07-16T16:10:06","guid":{"rendered":"https:\/\/devshop.italpreziosi.it\/sin categor\u00eda\/soberana-de-oro-rey-jorge-v-1911-1932\/"},"modified":"2025-11-19T18:30:06","modified_gmt":"2025-11-19T17:30:06","slug":"soberana-de-oro-rey-jorge-v-1911-1932","status":"publish","type":"product","link":"https:\/\/devshop.italpreziosi.it\/es\/inversion\/monedas\/oro\/soberana-de-oro-rey-jorge-v-1911-1932\/","title":{"rendered":"Soberana de Oro \u2013 Rey Jorge V (1911\u20131932)"},"content":{"rendered":"<p>Esta soberana hist\u00f3rica presenta al Rey Jorge V y el cl\u00e1sico dise\u00f1o de San Jorge matando al drag\u00f3n. Una moneda brit\u00e1nica de oro muy coleccionable e intercambiable del siglo XX.<\/p>\n","protected":false},"excerpt":{"rendered":"<p>Esta soberana hist\u00f3rica presenta al Rey Jorge V y el cl\u00e1sico dise\u00f1o de San Jorge matando al drag\u00f3n. Una moneda brit\u00e1nica de oro muy coleccionable e intercambiable del siglo XX.<\/p>\n","protected":false},"featured_media":1772,"comment_status":"closed","ping_status":"closed","template":"","meta":{"_acf_changed":false},"product_brand":[],"product_cat":[343,329,339,345],"product_tag":[],"class_list":{"0":"post-3554","1":"product","2":"type-product","3":"status-publish","4":"has-post-thumbnail","6":"product_cat-oro-es-2","7":"product_cat-inversion","8":"product_cat-monedas-es","9":"product_cat-oro-es-3","10":"pa_metallo-oro-es","12":"first","13":"outofstock","14":"purchasable","15":"product-type-simple"},"acf":[],"_links":{"self":[{"href":"https:\/\/devshop.italpreziosi.it\/es\/wp-json\/wp\/v2\/product\/3554","targetHints":{"allow":["GET"]}}],"collection":[{"href":"https:\/\/devshop.italpreziosi.it\/es\/wp-json\/wp\/v2\/product"}],"about":[{"href":"https:\/\/devshop.italpreziosi.it\/es\/wp-json\/wp\/v2\/types\/product"}],"replies":[{"embeddable":true,"href":"https:\/\/devshop.italpreziosi.it\/es\/wp-json\/wp\/v2\/comments?post=3554"}],"wp:featuredmedia":[{"embeddable":true,"href":"https:\/\/devshop.italpreziosi.it\/es\/wp-json\/wp\/v2\/media\/1772"}],"wp:attachment":[{"href":"https:\/\/devshop.italpreziosi.it\/es\/wp-json\/wp\/v2\/media?parent=3554"}],"wp:term":[{"taxonomy":"product_brand","embeddable":true,"href":"https:\/\/devshop.italpreziosi.it\/es\/wp-json\/wp\/v2\/product_brand?post=3554"},{"taxonomy":"product_cat","embeddable":true,"href":"https:\/\/devshop.italpreziosi.it\/es\/wp-json\/wp\/v2\/product_cat?post=3554"},{"taxonomy":"product_tag","embeddable":true,"href":"https:\/\/devshop.italpreziosi.it\/es\/wp-json\/wp\/v2\/product_tag?post=3554"}],"curies":[{"name":"wp","href":"https:\/\/api.w.org\/{rel}","templated":true}]}}