{"id":3550,"date":"2025-07-16T17:34:17","date_gmt":"2025-07-16T15:34:17","guid":{"rendered":"https:\/\/devshop.italpreziosi.it\/sin categor\u00eda\/20-francos-franceses-gallo-y-mariana-oro-1899-1914\/"},"modified":"2025-07-16T17:34:17","modified_gmt":"2025-07-16T15:34:17","slug":"20-francos-franceses-gallo-y-mariana-oro-1899-1914","status":"publish","type":"product","link":"https:\/\/devshop.italpreziosi.it\/es\/inversion\/monedas\/oro\/20-francos-franceses-gallo-y-mariana-oro-1899-1914\/","title":{"rendered":"20 Francos Franceses Gallo y Mariana Oro \u2013 1899\u20131914"},"content":{"rendered":"<p><span data-sheets-root=\"1\">Una de las monedas de oro francesas m\u00e1s ic\u00f3nicas, con la figura de Mariana y el Gallo galo, s\u00edmbolos de la libertad nacional. Una pieza hist\u00f3rica muy apreciada por los inversores. <\/span><\/p>\n","protected":false},"excerpt":{"rendered":"<p>Una de las monedas de oro francesas m\u00e1s ic\u00f3nicas, con la figura de Mariana y el Gallo galo, s\u00edmbolos de la libertad nacional. Una pieza hist\u00f3rica muy apreciada por los inversores.<\/p>\n","protected":false},"featured_media":1749,"comment_status":"closed","ping_status":"closed","template":"","meta":{"_acf_changed":false},"product_brand":[],"product_cat":[343,329,339,345],"product_tag":[],"class_list":{"0":"post-3550","1":"product","2":"type-product","3":"status-publish","4":"has-post-thumbnail","6":"product_cat-oro-es-2","7":"product_cat-inversion","8":"product_cat-monedas-es","9":"product_cat-oro-es-3","10":"pa_metallo-oro-es","12":"first","13":"outofstock","14":"purchasable","15":"product-type-simple"},"acf":[],"_links":{"self":[{"href":"https:\/\/devshop.italpreziosi.it\/es\/wp-json\/wp\/v2\/product\/3550","targetHints":{"allow":["GET"]}}],"collection":[{"href":"https:\/\/devshop.italpreziosi.it\/es\/wp-json\/wp\/v2\/product"}],"about":[{"href":"https:\/\/devshop.italpreziosi.it\/es\/wp-json\/wp\/v2\/types\/product"}],"replies":[{"embeddable":true,"href":"https:\/\/devshop.italpreziosi.it\/es\/wp-json\/wp\/v2\/comments?post=3550"}],"wp:featuredmedia":[{"embeddable":true,"href":"https:\/\/devshop.italpreziosi.it\/es\/wp-json\/wp\/v2\/media\/1749"}],"wp:attachment":[{"href":"https:\/\/devshop.italpreziosi.it\/es\/wp-json\/wp\/v2\/media?parent=3550"}],"wp:term":[{"taxonomy":"product_brand","embeddable":true,"href":"https:\/\/devshop.italpreziosi.it\/es\/wp-json\/wp\/v2\/product_brand?post=3550"},{"taxonomy":"product_cat","embeddable":true,"href":"https:\/\/devshop.italpreziosi.it\/es\/wp-json\/wp\/v2\/product_cat?post=3550"},{"taxonomy":"product_tag","embeddable":true,"href":"https:\/\/devshop.italpreziosi.it\/es\/wp-json\/wp\/v2\/product_tag?post=3550"}],"curies":[{"name":"wp","href":"https:\/\/api.w.org\/{rel}","templated":true}]}}