{"id":3546,"date":"2025-07-16T16:58:13","date_gmt":"2025-07-16T14:58:13","guid":{"rendered":"https:\/\/devshop.italpreziosi.it\/sin categor\u00eda\/1-oz-krugerrand-oro-anos-mixtos\/"},"modified":"2025-07-16T16:58:13","modified_gmt":"2025-07-16T14:58:13","slug":"1-oz-krugerrand-oro-anos-mixtos","status":"publish","type":"product","link":"https:\/\/devshop.italpreziosi.it\/es\/inversion\/monedas\/oro\/1-oz-krugerrand-oro-anos-mixtos\/","title":{"rendered":"1 oz Krugerrand Oro (A\u00f1os mixtos)"},"content":{"rendered":"<p>El Krugerrand es la primera moneda de inversi\u00f3n moderna, lanzada en 1967. Presenta a Paul Kruger en el anverso y un ant\u00edlope springbok en el reverso. Las ediciones de a\u00f1os mixtos son muy apreciadas por los inversores.<\/p>\n","protected":false},"excerpt":{"rendered":"<p>El Krugerrand es la primera moneda de inversi\u00f3n moderna, lanzada en 1967. Presenta a Paul Kruger en el anverso y un ant\u00edlope springbok en el reverso. Las ediciones de a\u00f1os mixtos son muy apreciadas por los inversores.<\/p>\n","protected":false},"featured_media":2244,"comment_status":"closed","ping_status":"closed","template":"","meta":{"_acf_changed":false},"product_brand":[],"product_cat":[343,329,339,345],"product_tag":[],"class_list":{"0":"post-3546","1":"product","2":"type-product","3":"status-publish","4":"has-post-thumbnail","6":"product_cat-oro-es-2","7":"product_cat-inversion","8":"product_cat-monedas-es","9":"product_cat-oro-es-3","10":"pa_metallo-oro-es","12":"first","13":"outofstock","14":"product-type-simple"},"acf":[],"_links":{"self":[{"href":"https:\/\/devshop.italpreziosi.it\/es\/wp-json\/wp\/v2\/product\/3546","targetHints":{"allow":["GET"]}}],"collection":[{"href":"https:\/\/devshop.italpreziosi.it\/es\/wp-json\/wp\/v2\/product"}],"about":[{"href":"https:\/\/devshop.italpreziosi.it\/es\/wp-json\/wp\/v2\/types\/product"}],"replies":[{"embeddable":true,"href":"https:\/\/devshop.italpreziosi.it\/es\/wp-json\/wp\/v2\/comments?post=3546"}],"wp:featuredmedia":[{"embeddable":true,"href":"https:\/\/devshop.italpreziosi.it\/es\/wp-json\/wp\/v2\/media\/2244"}],"wp:attachment":[{"href":"https:\/\/devshop.italpreziosi.it\/es\/wp-json\/wp\/v2\/media?parent=3546"}],"wp:term":[{"taxonomy":"product_brand","embeddable":true,"href":"https:\/\/devshop.italpreziosi.it\/es\/wp-json\/wp\/v2\/product_brand?post=3546"},{"taxonomy":"product_cat","embeddable":true,"href":"https:\/\/devshop.italpreziosi.it\/es\/wp-json\/wp\/v2\/product_cat?post=3546"},{"taxonomy":"product_tag","embeddable":true,"href":"https:\/\/devshop.italpreziosi.it\/es\/wp-json\/wp\/v2\/product_tag?post=3546"}],"curies":[{"name":"wp","href":"https:\/\/api.w.org\/{rel}","templated":true}]}}