{"id":3544,"date":"2025-07-16T16:54:25","date_gmt":"2025-07-16T14:54:25","guid":{"rendered":"https:\/\/devshop.italpreziosi.it\/sin categor\u00eda\/50-pesos-mexicanos-oro-1821-1947\/"},"modified":"2025-07-16T16:54:25","modified_gmt":"2025-07-16T14:54:25","slug":"50-pesos-mexicanos-oro-1821-1947","status":"publish","type":"product","link":"https:\/\/devshop.italpreziosi.it\/es\/inversion\/monedas\/oro\/50-pesos-mexicanos-oro-1821-1947\/","title":{"rendered":"50 Pesos Mexicanos Oro \u2013 1821\u20131947"},"content":{"rendered":"<p>La moneda de 50 Pesos, conocida como \u201cCentenario,\u201d conmemora los 100 a\u00f1os de la independencia de M\u00e9xico. Es una de las monedas de oro m\u00e1s grandes, con la Victoria Alada y el escudo nacional.<\/p>\n","protected":false},"excerpt":{"rendered":"<p>La moneda de 50 Pesos, conocida como \u201cCentenario,\u201d conmemora los 100 a\u00f1os de la independencia de M\u00e9xico. Es una de las monedas de oro m\u00e1s grandes, con la Victoria Alada y el escudo nacional.<\/p>\n","protected":false},"featured_media":1719,"comment_status":"closed","ping_status":"closed","template":"","meta":{"_acf_changed":false},"product_brand":[],"product_cat":[343,329,339,345],"product_tag":[],"class_list":{"0":"post-3544","1":"product","2":"type-product","3":"status-publish","4":"has-post-thumbnail","6":"product_cat-oro-es-2","7":"product_cat-inversion","8":"product_cat-monedas-es","9":"product_cat-oro-es-3","10":"pa_metallo-oro-es","12":"first","13":"outofstock","14":"purchasable","15":"product-type-simple"},"acf":[],"_links":{"self":[{"href":"https:\/\/devshop.italpreziosi.it\/es\/wp-json\/wp\/v2\/product\/3544","targetHints":{"allow":["GET"]}}],"collection":[{"href":"https:\/\/devshop.italpreziosi.it\/es\/wp-json\/wp\/v2\/product"}],"about":[{"href":"https:\/\/devshop.italpreziosi.it\/es\/wp-json\/wp\/v2\/types\/product"}],"replies":[{"embeddable":true,"href":"https:\/\/devshop.italpreziosi.it\/es\/wp-json\/wp\/v2\/comments?post=3544"}],"wp:featuredmedia":[{"embeddable":true,"href":"https:\/\/devshop.italpreziosi.it\/es\/wp-json\/wp\/v2\/media\/1719"}],"wp:attachment":[{"href":"https:\/\/devshop.italpreziosi.it\/es\/wp-json\/wp\/v2\/media?parent=3544"}],"wp:term":[{"taxonomy":"product_brand","embeddable":true,"href":"https:\/\/devshop.italpreziosi.it\/es\/wp-json\/wp\/v2\/product_brand?post=3544"},{"taxonomy":"product_cat","embeddable":true,"href":"https:\/\/devshop.italpreziosi.it\/es\/wp-json\/wp\/v2\/product_cat?post=3544"},{"taxonomy":"product_tag","embeddable":true,"href":"https:\/\/devshop.italpreziosi.it\/es\/wp-json\/wp\/v2\/product_tag?post=3544"}],"curies":[{"name":"wp","href":"https:\/\/api.w.org\/{rel}","templated":true}]}}