{"id":3536,"date":"2025-07-16T16:29:56","date_gmt":"2025-07-16T14:29:56","guid":{"rendered":"https:\/\/devshop.italpreziosi.it\/sin categor\u00eda\/soberana-de-oro-2025-rey-carlos-iii\/"},"modified":"2025-07-16T16:29:56","modified_gmt":"2025-07-16T14:29:56","slug":"soberana-de-oro-2025-rey-carlos-iii","status":"publish","type":"product","link":"https:\/\/devshop.italpreziosi.it\/es\/inversion\/monedas\/oro\/soberana-de-oro-2025-rey-carlos-iii\/","title":{"rendered":"Soberana de Oro 2025 \u2013 Rey Carlos III"},"content":{"rendered":"<p>La Soberana 2025 presenta al Rey Carlos III y contin\u00faa el legado de la moneda de oro m\u00e1s hist\u00f3rica del Reino Unido. Incluye el tradicional reverso de San Jorge y el Drag\u00f3n, acu\u00f1ada en oro de 22 quilates.<\/p>\n","protected":false},"excerpt":{"rendered":"<p>La Soberana 2025 presenta al Rey Carlos III y contin\u00faa el legado de la moneda de oro m\u00e1s hist\u00f3rica del Reino Unido. Incluye el tradicional reverso de San Jorge y el Drag\u00f3n, acu\u00f1ada en oro de 22 quilates.<\/p>\n","protected":false},"featured_media":1673,"comment_status":"closed","ping_status":"closed","template":"","meta":{"_acf_changed":false},"product_brand":[],"product_cat":[343,329,339,345],"product_tag":[],"class_list":{"0":"post-3536","1":"product","2":"type-product","3":"status-publish","4":"has-post-thumbnail","6":"product_cat-oro-es-2","7":"product_cat-inversion","8":"product_cat-monedas-es","9":"product_cat-oro-es-3","10":"pa_metallo-oro-es","12":"first","13":"outofstock","14":"purchasable","15":"product-type-simple"},"acf":[],"_links":{"self":[{"href":"https:\/\/devshop.italpreziosi.it\/es\/wp-json\/wp\/v2\/product\/3536","targetHints":{"allow":["GET"]}}],"collection":[{"href":"https:\/\/devshop.italpreziosi.it\/es\/wp-json\/wp\/v2\/product"}],"about":[{"href":"https:\/\/devshop.italpreziosi.it\/es\/wp-json\/wp\/v2\/types\/product"}],"replies":[{"embeddable":true,"href":"https:\/\/devshop.italpreziosi.it\/es\/wp-json\/wp\/v2\/comments?post=3536"}],"wp:featuredmedia":[{"embeddable":true,"href":"https:\/\/devshop.italpreziosi.it\/es\/wp-json\/wp\/v2\/media\/1673"}],"wp:attachment":[{"href":"https:\/\/devshop.italpreziosi.it\/es\/wp-json\/wp\/v2\/media?parent=3536"}],"wp:term":[{"taxonomy":"product_brand","embeddable":true,"href":"https:\/\/devshop.italpreziosi.it\/es\/wp-json\/wp\/v2\/product_brand?post=3536"},{"taxonomy":"product_cat","embeddable":true,"href":"https:\/\/devshop.italpreziosi.it\/es\/wp-json\/wp\/v2\/product_cat?post=3536"},{"taxonomy":"product_tag","embeddable":true,"href":"https:\/\/devshop.italpreziosi.it\/es\/wp-json\/wp\/v2\/product_tag?post=3536"}],"curies":[{"name":"wp","href":"https:\/\/api.w.org\/{rel}","templated":true}]}}