{"id":3521,"date":"2025-07-16T16:05:41","date_gmt":"2025-07-16T14:05:41","guid":{"rendered":"https:\/\/devshop.italpreziosi.it\/sin categor\u00eda\/1-2-oz-britannia-oro-2025-rey-carlos-iii\/"},"modified":"2025-07-16T16:05:41","modified_gmt":"2025-07-16T14:05:41","slug":"1-2-oz-britannia-oro-2025-rey-carlos-iii","status":"publish","type":"product","link":"https:\/\/devshop.italpreziosi.it\/es\/inversion\/monedas\/oro\/1-2-oz-britannia-oro-2025-rey-carlos-iii\/","title":{"rendered":"1\/2 oz Britannia Oro 2025 \u2013 Rey Carlos III"},"content":{"rendered":"<p>La moneda de oro Britannia es la oficial de inversi\u00f3n del Reino Unido. La edici\u00f3n 2025 presenta por segunda vez al Rey Carlos III, junto con el cl\u00e1sico dise\u00f1o de Britannia, s\u00edmbolo de fuerza, tradici\u00f3n y herencia mar\u00edtima. <\/p>\n","protected":false},"excerpt":{"rendered":"<p>La moneda de oro Britannia es la oficial de inversi\u00f3n del Reino Unido. La edici\u00f3n 2025 presenta por segunda vez al Rey Carlos III, junto con el cl\u00e1sico dise\u00f1o de Britannia, s\u00edmbolo de fuerza, tradici\u00f3n y herencia mar\u00edtima.<\/p>\n","protected":false},"featured_media":1604,"comment_status":"closed","ping_status":"closed","template":"","meta":{"_acf_changed":false},"product_brand":[],"product_cat":[343,329,339,345],"product_tag":[],"class_list":{"0":"post-3521","1":"product","2":"type-product","3":"status-publish","4":"has-post-thumbnail","6":"product_cat-oro-es-2","7":"product_cat-inversion","8":"product_cat-monedas-es","9":"product_cat-oro-es-3","10":"pa_metallo-oro-es","12":"first","13":"outofstock","14":"purchasable","15":"product-type-simple"},"acf":[],"_links":{"self":[{"href":"https:\/\/devshop.italpreziosi.it\/es\/wp-json\/wp\/v2\/product\/3521","targetHints":{"allow":["GET"]}}],"collection":[{"href":"https:\/\/devshop.italpreziosi.it\/es\/wp-json\/wp\/v2\/product"}],"about":[{"href":"https:\/\/devshop.italpreziosi.it\/es\/wp-json\/wp\/v2\/types\/product"}],"replies":[{"embeddable":true,"href":"https:\/\/devshop.italpreziosi.it\/es\/wp-json\/wp\/v2\/comments?post=3521"}],"wp:featuredmedia":[{"embeddable":true,"href":"https:\/\/devshop.italpreziosi.it\/es\/wp-json\/wp\/v2\/media\/1604"}],"wp:attachment":[{"href":"https:\/\/devshop.italpreziosi.it\/es\/wp-json\/wp\/v2\/media?parent=3521"}],"wp:term":[{"taxonomy":"product_brand","embeddable":true,"href":"https:\/\/devshop.italpreziosi.it\/es\/wp-json\/wp\/v2\/product_brand?post=3521"},{"taxonomy":"product_cat","embeddable":true,"href":"https:\/\/devshop.italpreziosi.it\/es\/wp-json\/wp\/v2\/product_cat?post=3521"},{"taxonomy":"product_tag","embeddable":true,"href":"https:\/\/devshop.italpreziosi.it\/es\/wp-json\/wp\/v2\/product_tag?post=3521"}],"curies":[{"name":"wp","href":"https:\/\/api.w.org\/{rel}","templated":true}]}}