{"id":3519,"date":"2025-07-15T18:32:49","date_gmt":"2025-07-15T16:32:49","guid":{"rendered":"https:\/\/devshop.italpreziosi.it\/sin categor\u00eda\/soberano-de-oro-de-la-reina-isabel-ii\/"},"modified":"2025-07-15T18:32:49","modified_gmt":"2025-07-15T16:32:49","slug":"soberano-de-oro-de-la-reina-isabel-ii","status":"publish","type":"product","link":"https:\/\/devshop.italpreziosi.it\/es\/inversion\/monedas\/oro\/soberano-de-oro-de-la-reina-isabel-ii\/","title":{"rendered":"Soberano de Oro de la Reina Isabel II"},"content":{"rendered":"<p>El Soberano muestra a la Reina Isabel II en el anverso y a San Jorge venciendo al drag\u00f3n en el reverso. Una de las monedas de oro m\u00e1s ic\u00f3nicas del mundo. <\/p>\n","protected":false},"excerpt":{"rendered":"<p>El Soberano muestra a la Reina Isabel II en el anverso y a San Jorge venciendo al drag\u00f3n en el reverso. Una de las monedas de oro m\u00e1s ic\u00f3nicas del mundo.<\/p>\n","protected":false},"featured_media":1592,"comment_status":"closed","ping_status":"closed","template":"","meta":{"_acf_changed":false},"product_brand":[],"product_cat":[343,329,339,345],"product_tag":[],"class_list":{"0":"post-3519","1":"product","2":"type-product","3":"status-publish","4":"has-post-thumbnail","6":"product_cat-oro-es-2","7":"product_cat-inversion","8":"product_cat-monedas-es","9":"product_cat-oro-es-3","10":"pa_metallo-oro-es","12":"first","13":"outofstock","14":"purchasable","15":"product-type-simple"},"acf":[],"_links":{"self":[{"href":"https:\/\/devshop.italpreziosi.it\/es\/wp-json\/wp\/v2\/product\/3519","targetHints":{"allow":["GET"]}}],"collection":[{"href":"https:\/\/devshop.italpreziosi.it\/es\/wp-json\/wp\/v2\/product"}],"about":[{"href":"https:\/\/devshop.italpreziosi.it\/es\/wp-json\/wp\/v2\/types\/product"}],"replies":[{"embeddable":true,"href":"https:\/\/devshop.italpreziosi.it\/es\/wp-json\/wp\/v2\/comments?post=3519"}],"wp:featuredmedia":[{"embeddable":true,"href":"https:\/\/devshop.italpreziosi.it\/es\/wp-json\/wp\/v2\/media\/1592"}],"wp:attachment":[{"href":"https:\/\/devshop.italpreziosi.it\/es\/wp-json\/wp\/v2\/media?parent=3519"}],"wp:term":[{"taxonomy":"product_brand","embeddable":true,"href":"https:\/\/devshop.italpreziosi.it\/es\/wp-json\/wp\/v2\/product_brand?post=3519"},{"taxonomy":"product_cat","embeddable":true,"href":"https:\/\/devshop.italpreziosi.it\/es\/wp-json\/wp\/v2\/product_cat?post=3519"},{"taxonomy":"product_tag","embeddable":true,"href":"https:\/\/devshop.italpreziosi.it\/es\/wp-json\/wp\/v2\/product_tag?post=3519"}],"curies":[{"name":"wp","href":"https:\/\/api.w.org\/{rel}","templated":true}]}}