{"id":3517,"date":"2025-07-14T12:35:17","date_gmt":"2025-07-14T10:35:17","guid":{"rendered":"https:\/\/devshop.italpreziosi.it\/sin categor\u00eda\/1-4-oz-krugerrand-oro-2025\/"},"modified":"2025-07-14T12:35:17","modified_gmt":"2025-07-14T10:35:17","slug":"1-4-oz-krugerrand-oro-2025","status":"publish","type":"product","link":"https:\/\/devshop.italpreziosi.it\/es\/inversion\/monedas\/oro\/1-4-oz-krugerrand-oro-2025\/","title":{"rendered":"1\/4 oz Krugerrand Oro 2025"},"content":{"rendered":"<p>El Krugerrand de 1\/4 oz ofrece flexibilidad y tradici\u00f3n. Con el mismo dise\u00f1o que la versi\u00f3n de 1 oz, presenta a Paul Kruger y un ant\u00edlope springbok. <\/p>\n","protected":false},"excerpt":{"rendered":"<p>El Krugerrand de 1\/4 oz ofrece flexibilidad y tradici\u00f3n. Con el mismo dise\u00f1o que la versi\u00f3n de 1 oz, presenta a Paul Kruger y un ant\u00edlope springbok.<\/p>\n","protected":false},"featured_media":1578,"comment_status":"closed","ping_status":"closed","template":"","meta":{"_acf_changed":false},"product_brand":[],"product_cat":[343,329,339,345],"product_tag":[],"class_list":{"0":"post-3517","1":"product","2":"type-product","3":"status-publish","4":"has-post-thumbnail","6":"product_cat-oro-es-2","7":"product_cat-inversion","8":"product_cat-monedas-es","9":"product_cat-oro-es-3","10":"pa_metallo-oro-es","12":"first","13":"outofstock","14":"product-type-simple"},"acf":[],"_links":{"self":[{"href":"https:\/\/devshop.italpreziosi.it\/es\/wp-json\/wp\/v2\/product\/3517","targetHints":{"allow":["GET"]}}],"collection":[{"href":"https:\/\/devshop.italpreziosi.it\/es\/wp-json\/wp\/v2\/product"}],"about":[{"href":"https:\/\/devshop.italpreziosi.it\/es\/wp-json\/wp\/v2\/types\/product"}],"replies":[{"embeddable":true,"href":"https:\/\/devshop.italpreziosi.it\/es\/wp-json\/wp\/v2\/comments?post=3517"}],"wp:featuredmedia":[{"embeddable":true,"href":"https:\/\/devshop.italpreziosi.it\/es\/wp-json\/wp\/v2\/media\/1578"}],"wp:attachment":[{"href":"https:\/\/devshop.italpreziosi.it\/es\/wp-json\/wp\/v2\/media?parent=3517"}],"wp:term":[{"taxonomy":"product_brand","embeddable":true,"href":"https:\/\/devshop.italpreziosi.it\/es\/wp-json\/wp\/v2\/product_brand?post=3517"},{"taxonomy":"product_cat","embeddable":true,"href":"https:\/\/devshop.italpreziosi.it\/es\/wp-json\/wp\/v2\/product_cat?post=3517"},{"taxonomy":"product_tag","embeddable":true,"href":"https:\/\/devshop.italpreziosi.it\/es\/wp-json\/wp\/v2\/product_tag?post=3517"}],"curies":[{"name":"wp","href":"https:\/\/api.w.org\/{rel}","templated":true}]}}