{"id":3515,"date":"2025-07-14T12:12:32","date_gmt":"2025-07-14T10:12:32","guid":{"rendered":"https:\/\/devshop.italpreziosi.it\/sin categor\u00eda\/2023-alegorias-galia-y-germania-2-oz-plata-bu\/"},"modified":"2025-07-14T12:12:32","modified_gmt":"2025-07-14T10:12:32","slug":"2023-alegorias-galia-y-germania-2-oz-plata-bu","status":"publish","type":"product","link":"https:\/\/devshop.italpreziosi.it\/es\/colecciones\/monedas\/2023-alegorias-galia-y-germania-2-oz-plata-bu\/","title":{"rendered":"2023 Alegor\u00edas: Galia y Germania 2 oz Plata BU"},"content":{"rendered":"<p>La sexta y \u00faltima moneda de la serie Alegor\u00edas, que representa a Galia y Germania como personificaciones de sus naciones. Est\u00e1n juntas, simbolizando la victoria sobre el Imperio Romano. El reverso muestra el escudo de armas de Germania Mint.  <\/p>\n","protected":false},"excerpt":{"rendered":"<p>La sexta y \u00faltima moneda de la serie Alegor\u00edas, que representa a Galia y Germania como personificaciones de sus naciones. Est\u00e1n juntas, simbolizando la victoria sobre el Imperio Romano. El reverso muestra el escudo de armas de Germania Mint.<\/p>\n","protected":false},"featured_media":1568,"comment_status":"closed","ping_status":"closed","template":"","meta":{"_acf_changed":false},"product_brand":[],"product_cat":[327,323],"product_tag":[],"class_list":{"0":"post-3515","1":"product","2":"type-product","3":"status-publish","4":"has-post-thumbnail","6":"product_cat-monedas","7":"product_cat-colecciones","8":"pa_metallo-plata","10":"first","11":"outofstock","12":"taxable","13":"shipping-taxable","14":"purchasable","15":"product-type-simple"},"acf":[],"_links":{"self":[{"href":"https:\/\/devshop.italpreziosi.it\/es\/wp-json\/wp\/v2\/product\/3515","targetHints":{"allow":["GET"]}}],"collection":[{"href":"https:\/\/devshop.italpreziosi.it\/es\/wp-json\/wp\/v2\/product"}],"about":[{"href":"https:\/\/devshop.italpreziosi.it\/es\/wp-json\/wp\/v2\/types\/product"}],"replies":[{"embeddable":true,"href":"https:\/\/devshop.italpreziosi.it\/es\/wp-json\/wp\/v2\/comments?post=3515"}],"wp:featuredmedia":[{"embeddable":true,"href":"https:\/\/devshop.italpreziosi.it\/es\/wp-json\/wp\/v2\/media\/1568"}],"wp:attachment":[{"href":"https:\/\/devshop.italpreziosi.it\/es\/wp-json\/wp\/v2\/media?parent=3515"}],"wp:term":[{"taxonomy":"product_brand","embeddable":true,"href":"https:\/\/devshop.italpreziosi.it\/es\/wp-json\/wp\/v2\/product_brand?post=3515"},{"taxonomy":"product_cat","embeddable":true,"href":"https:\/\/devshop.italpreziosi.it\/es\/wp-json\/wp\/v2\/product_cat?post=3515"},{"taxonomy":"product_tag","embeddable":true,"href":"https:\/\/devshop.italpreziosi.it\/es\/wp-json\/wp\/v2\/product_tag?post=3515"}],"curies":[{"name":"wp","href":"https:\/\/api.w.org\/{rel}","templated":true}]}}