{"id":3509,"date":"2025-07-14T11:56:21","date_gmt":"2025-07-14T09:56:21","guid":{"rendered":"https:\/\/devshop.italpreziosi.it\/sin categor\u00eda\/2025-valquirias-arnhild-1-oz-plata-bu\/"},"modified":"2025-11-19T18:35:06","modified_gmt":"2025-11-19T17:35:06","slug":"2025-valquirias-arnhild-1-oz-plata-bu","status":"publish","type":"product","link":"https:\/\/devshop.italpreziosi.it\/es\/colecciones\/monedas\/2025-valquirias-arnhild-1-oz-plata-bu\/","title":{"rendered":"2025 Valquirias: Arnhild 1 oz Plata BU"},"content":{"rendered":"<p>La cuarta y \u00faltima moneda de la serie Valquirias, presenta a Arnhild, hija de Od\u00edn, representada como arquera y guardiana de la fortaleza, acompa\u00f1ada de \u00e1guilas que simbolizan fuerza, coraje y sabidur\u00eda. El anverso muestra a Arnhild con la runa Ingwaz en su cintur\u00f3n, representando la continuidad de la vida, abundancia y protecci\u00f3n. El reverso exhibe el motivo distintivo de Germania Mint con runas germ\u00e1nicas y el animal simb\u00f3lico de Arnhild, el \u00e1guila.  <\/p>\n","protected":false},"excerpt":{"rendered":"<p>La cuarta y \u00faltima moneda de la serie Valquirias, presenta a Arnhild, hija de Od\u00edn, representada como arquera y guardiana de la fortaleza, acompa\u00f1ada de \u00e1guilas que simbolizan fuerza, coraje y sabidur\u00eda. El anverso muestra a Arnhild con la runa Ingwaz en su cintur\u00f3n, representando la continuidad de la vida, abundancia y protecci\u00f3n. El reverso [&hellip;]<\/p>\n","protected":false},"featured_media":1519,"comment_status":"closed","ping_status":"closed","template":"","meta":{"_acf_changed":false},"product_brand":[],"product_cat":[327,323],"product_tag":[],"class_list":{"0":"post-3509","1":"product","2":"type-product","3":"status-publish","4":"has-post-thumbnail","6":"product_cat-monedas","7":"product_cat-colecciones","8":"pa_metallo-plata","10":"first","11":"outofstock","12":"taxable","13":"shipping-taxable","14":"purchasable","15":"product-type-simple"},"acf":[],"_links":{"self":[{"href":"https:\/\/devshop.italpreziosi.it\/es\/wp-json\/wp\/v2\/product\/3509","targetHints":{"allow":["GET"]}}],"collection":[{"href":"https:\/\/devshop.italpreziosi.it\/es\/wp-json\/wp\/v2\/product"}],"about":[{"href":"https:\/\/devshop.italpreziosi.it\/es\/wp-json\/wp\/v2\/types\/product"}],"replies":[{"embeddable":true,"href":"https:\/\/devshop.italpreziosi.it\/es\/wp-json\/wp\/v2\/comments?post=3509"}],"wp:featuredmedia":[{"embeddable":true,"href":"https:\/\/devshop.italpreziosi.it\/es\/wp-json\/wp\/v2\/media\/1519"}],"wp:attachment":[{"href":"https:\/\/devshop.italpreziosi.it\/es\/wp-json\/wp\/v2\/media?parent=3509"}],"wp:term":[{"taxonomy":"product_brand","embeddable":true,"href":"https:\/\/devshop.italpreziosi.it\/es\/wp-json\/wp\/v2\/product_brand?post=3509"},{"taxonomy":"product_cat","embeddable":true,"href":"https:\/\/devshop.italpreziosi.it\/es\/wp-json\/wp\/v2\/product_cat?post=3509"},{"taxonomy":"product_tag","embeddable":true,"href":"https:\/\/devshop.italpreziosi.it\/es\/wp-json\/wp\/v2\/product_tag?post=3509"}],"curies":[{"name":"wp","href":"https:\/\/api.w.org\/{rel}","templated":true}]}}