{"id":3501,"date":"2025-07-14T11:41:21","date_gmt":"2025-07-14T09:41:21","guid":{"rendered":"https:\/\/devshop.italpreziosi.it\/sin categor\u00eda\/halloween-usa-american-eagle-2024-noche-fantasma-1-oz-plata-bu\/"},"modified":"2025-11-19T18:35:06","modified_gmt":"2025-11-19T17:35:06","slug":"halloween-usa-american-eagle-2024-noche-fantasma-1-oz-plata-bu","status":"publish","type":"product","link":"https:\/\/devshop.italpreziosi.it\/es\/colecciones\/monedas\/halloween-usa-american-eagle-2024-noche-fantasma-1-oz-plata-bu\/","title":{"rendered":"Halloween USA American Eagle 2024 Noche Fantasma 1 oz Plata BU"},"content":{"rendered":"<p>La moneda Noche Fantasma 2024 presenta un dise\u00f1o de Halloween con coloraci\u00f3n en ambas caras y efecto de brillo UV. Limitada a 300 piezas, se presenta en una c\u00e1psula Quadrum con funda tem\u00e1tica y certificado de autenticidad.<\/p>\n","protected":false},"excerpt":{"rendered":"<p>La moneda Noche Fantasma 2024 presenta un dise\u00f1o de Halloween con coloraci\u00f3n en ambas caras y efecto de brillo UV. Limitada a 300 piezas, se presenta en una c\u00e1psula Quadrum con funda tem\u00e1tica y certificado de autenticidad.<\/p>\n","protected":false},"featured_media":1467,"comment_status":"closed","ping_status":"closed","template":"","meta":{"_acf_changed":false},"product_brand":[],"product_cat":[327,323],"product_tag":[],"class_list":{"0":"post-3501","1":"product","2":"type-product","3":"status-publish","4":"has-post-thumbnail","6":"product_cat-monedas","7":"product_cat-colecciones","8":"pa_metallo-plata","10":"first","11":"outofstock","12":"taxable","13":"shipping-taxable","14":"purchasable","15":"product-type-simple"},"acf":[],"_links":{"self":[{"href":"https:\/\/devshop.italpreziosi.it\/es\/wp-json\/wp\/v2\/product\/3501","targetHints":{"allow":["GET"]}}],"collection":[{"href":"https:\/\/devshop.italpreziosi.it\/es\/wp-json\/wp\/v2\/product"}],"about":[{"href":"https:\/\/devshop.italpreziosi.it\/es\/wp-json\/wp\/v2\/types\/product"}],"replies":[{"embeddable":true,"href":"https:\/\/devshop.italpreziosi.it\/es\/wp-json\/wp\/v2\/comments?post=3501"}],"wp:featuredmedia":[{"embeddable":true,"href":"https:\/\/devshop.italpreziosi.it\/es\/wp-json\/wp\/v2\/media\/1467"}],"wp:attachment":[{"href":"https:\/\/devshop.italpreziosi.it\/es\/wp-json\/wp\/v2\/media?parent=3501"}],"wp:term":[{"taxonomy":"product_brand","embeddable":true,"href":"https:\/\/devshop.italpreziosi.it\/es\/wp-json\/wp\/v2\/product_brand?post=3501"},{"taxonomy":"product_cat","embeddable":true,"href":"https:\/\/devshop.italpreziosi.it\/es\/wp-json\/wp\/v2\/product_cat?post=3501"},{"taxonomy":"product_tag","embeddable":true,"href":"https:\/\/devshop.italpreziosi.it\/es\/wp-json\/wp\/v2\/product_tag?post=3501"}],"curies":[{"name":"wp","href":"https:\/\/api.w.org\/{rel}","templated":true}]}}