{"id":3499,"date":"2025-07-14T11:37:04","date_gmt":"2025-07-14T09:37:04","guid":{"rendered":"https:\/\/devshop.italpreziosi.it\/sin categor\u00eda\/prime-bullion-2024-malta-golden-eagle-5-euro-1-oz-plata-bu-edicion-limitada\/"},"modified":"2025-11-19T18:35:06","modified_gmt":"2025-11-19T17:35:06","slug":"prime-bullion-2024-malta-golden-eagle-5-euro-1-oz-plata-bu-edicion-limitada","status":"publish","type":"product","link":"https:\/\/devshop.italpreziosi.it\/es\/colecciones\/monedas\/prime-bullion-2024-malta-golden-eagle-5-euro-1-oz-plata-bu-edicion-limitada\/","title":{"rendered":"Prime Bullion \u2013 2024 Malta Golden Eagle 5 Euro 1 oz Plata BU Edici\u00f3n Limitada"},"content":{"rendered":"<p>La moneda de Edici\u00f3n Limitada Malta Golden Eagle 2024 presenta un majestuoso \u00e1guila dorada en combate con una serpiente, simbolizando la lucha eterna entre el bien y el mal. La moneda est\u00e1 ennoblecida con rutenio, oro amarillo y paladio, realzando su intrincado dise\u00f1o. El anverso muestra el escudo de armas del Banco Central de Malta.<\/p>\n","protected":false},"excerpt":{"rendered":"<p>La moneda de Edici\u00f3n Limitada Malta Golden Eagle 2024 presenta un majestuoso \u00e1guila dorada en combate con una serpiente, simbolizando la lucha eterna entre el bien y el mal. La moneda est\u00e1 ennoblecida con rutenio, oro amarillo y paladio, realzando su intrincado dise\u00f1o. El anverso muestra el escudo de armas del Banco Central de Malta.<\/p>\n","protected":false},"featured_media":1448,"comment_status":"closed","ping_status":"closed","template":"","meta":{"_acf_changed":false},"product_brand":[],"product_cat":[327,323],"product_tag":[],"class_list":{"0":"post-3499","1":"product","2":"type-product","3":"status-publish","4":"has-post-thumbnail","6":"product_cat-monedas","7":"product_cat-colecciones","8":"pa_metallo-plata","10":"first","11":"outofstock","12":"taxable","13":"shipping-taxable","14":"purchasable","15":"product-type-simple"},"acf":[],"_links":{"self":[{"href":"https:\/\/devshop.italpreziosi.it\/es\/wp-json\/wp\/v2\/product\/3499","targetHints":{"allow":["GET"]}}],"collection":[{"href":"https:\/\/devshop.italpreziosi.it\/es\/wp-json\/wp\/v2\/product"}],"about":[{"href":"https:\/\/devshop.italpreziosi.it\/es\/wp-json\/wp\/v2\/types\/product"}],"replies":[{"embeddable":true,"href":"https:\/\/devshop.italpreziosi.it\/es\/wp-json\/wp\/v2\/comments?post=3499"}],"wp:featuredmedia":[{"embeddable":true,"href":"https:\/\/devshop.italpreziosi.it\/es\/wp-json\/wp\/v2\/media\/1448"}],"wp:attachment":[{"href":"https:\/\/devshop.italpreziosi.it\/es\/wp-json\/wp\/v2\/media?parent=3499"}],"wp:term":[{"taxonomy":"product_brand","embeddable":true,"href":"https:\/\/devshop.italpreziosi.it\/es\/wp-json\/wp\/v2\/product_brand?post=3499"},{"taxonomy":"product_cat","embeddable":true,"href":"https:\/\/devshop.italpreziosi.it\/es\/wp-json\/wp\/v2\/product_cat?post=3499"},{"taxonomy":"product_tag","embeddable":true,"href":"https:\/\/devshop.italpreziosi.it\/es\/wp-json\/wp\/v2\/product_tag?post=3499"}],"curies":[{"name":"wp","href":"https:\/\/api.w.org\/{rel}","templated":true}]}}