{"id":3497,"date":"2025-07-14T11:33:34","date_gmt":"2025-07-14T09:33:34","guid":{"rendered":"https:\/\/devshop.italpreziosi.it\/sin categor\u00eda\/palau-2023-erupcion-del-volcan-pompeya-2-oz-plata\/"},"modified":"2025-11-19T18:35:06","modified_gmt":"2025-11-19T17:35:06","slug":"palau-2023-erupcion-del-volcan-pompeya-2-oz-plata","status":"publish","type":"product","link":"https:\/\/devshop.italpreziosi.it\/es\/colecciones\/monedas\/palau-2023-erupcion-del-volcan-pompeya-2-oz-plata\/","title":{"rendered":"Palau 2023 Erupci\u00f3n del Volc\u00e1n Pompeya 2 oz Plata"},"content":{"rendered":"<p>Primera emisi\u00f3n de la serie \u00abFuria de la Naturaleza\u00bb, esta moneda representa la erupci\u00f3n del Monte Vesubio en el a\u00f1o 79 d.C., con habitantes huyendo de Pompeya. El anverso muestra el sitio arqueol\u00f3gico actual con una estatua romana y un fresco colorido.<\/p>\n","protected":false},"excerpt":{"rendered":"<p>Primera emisi\u00f3n de la serie \u00abFuria de la Naturaleza\u00bb, esta moneda representa la erupci\u00f3n del Monte Vesubio en el a\u00f1o 79 d.C., con habitantes huyendo de Pompeya. El anverso muestra el sitio arqueol\u00f3gico actual con una estatua romana y un fresco colorido.<\/p>\n","protected":false},"featured_media":1435,"comment_status":"closed","ping_status":"closed","template":"","meta":{"_acf_changed":false},"product_brand":[],"product_cat":[327,323],"product_tag":[],"class_list":{"0":"post-3497","1":"product","2":"type-product","3":"status-publish","4":"has-post-thumbnail","6":"product_cat-monedas","7":"product_cat-colecciones","8":"pa_metallo-plata","10":"first","11":"outofstock","12":"taxable","13":"shipping-taxable","14":"purchasable","15":"product-type-simple"},"acf":[],"_links":{"self":[{"href":"https:\/\/devshop.italpreziosi.it\/es\/wp-json\/wp\/v2\/product\/3497","targetHints":{"allow":["GET"]}}],"collection":[{"href":"https:\/\/devshop.italpreziosi.it\/es\/wp-json\/wp\/v2\/product"}],"about":[{"href":"https:\/\/devshop.italpreziosi.it\/es\/wp-json\/wp\/v2\/types\/product"}],"replies":[{"embeddable":true,"href":"https:\/\/devshop.italpreziosi.it\/es\/wp-json\/wp\/v2\/comments?post=3497"}],"wp:featuredmedia":[{"embeddable":true,"href":"https:\/\/devshop.italpreziosi.it\/es\/wp-json\/wp\/v2\/media\/1435"}],"wp:attachment":[{"href":"https:\/\/devshop.italpreziosi.it\/es\/wp-json\/wp\/v2\/media?parent=3497"}],"wp:term":[{"taxonomy":"product_brand","embeddable":true,"href":"https:\/\/devshop.italpreziosi.it\/es\/wp-json\/wp\/v2\/product_brand?post=3497"},{"taxonomy":"product_cat","embeddable":true,"href":"https:\/\/devshop.italpreziosi.it\/es\/wp-json\/wp\/v2\/product_cat?post=3497"},{"taxonomy":"product_tag","embeddable":true,"href":"https:\/\/devshop.italpreziosi.it\/es\/wp-json\/wp\/v2\/product_tag?post=3497"}],"curies":[{"name":"wp","href":"https:\/\/api.w.org\/{rel}","templated":true}]}}