{"id":3493,"date":"2025-07-11T17:52:45","date_gmt":"2025-07-11T15:52:45","guid":{"rendered":"https:\/\/devshop.italpreziosi.it\/sin categor\u00eda\/camerun-2023-gecko-2-oz-plata-proof-uhr\/"},"modified":"2025-11-19T18:35:07","modified_gmt":"2025-11-19T17:35:07","slug":"camerun-2023-gecko-2-oz-plata-proof-uhr","status":"publish","type":"product","link":"https:\/\/devshop.italpreziosi.it\/es\/colecciones\/monedas\/camerun-2023-gecko-2-oz-plata-proof-uhr\/","title":{"rendered":"Camer\u00fan 2023 Gecko 2 oz Plata Proof UHR"},"content":{"rendered":"<p>La moneda Gecko de Camer\u00fan 2023 presenta un dise\u00f1o detallado de un gecko en ultra alto relieve, simbolizando agilidad y adaptabilidad. El anverso muestra el escudo de armas de Camer\u00fan. <\/p>\n","protected":false},"excerpt":{"rendered":"<p>La moneda Gecko de Camer\u00fan 2023 presenta un dise\u00f1o detallado de un gecko en ultra alto relieve, simbolizando agilidad y adaptabilidad. El anverso muestra el escudo de armas de Camer\u00fan.<\/p>\n","protected":false},"featured_media":1402,"comment_status":"closed","ping_status":"closed","template":"","meta":{"_acf_changed":false},"product_brand":[],"product_cat":[327,323],"product_tag":[],"class_list":{"0":"post-3493","1":"product","2":"type-product","3":"status-publish","4":"has-post-thumbnail","6":"product_cat-monedas","7":"product_cat-colecciones","8":"pa_metallo-plata","10":"first","11":"outofstock","12":"taxable","13":"shipping-taxable","14":"purchasable","15":"product-type-simple"},"acf":[],"_links":{"self":[{"href":"https:\/\/devshop.italpreziosi.it\/es\/wp-json\/wp\/v2\/product\/3493","targetHints":{"allow":["GET"]}}],"collection":[{"href":"https:\/\/devshop.italpreziosi.it\/es\/wp-json\/wp\/v2\/product"}],"about":[{"href":"https:\/\/devshop.italpreziosi.it\/es\/wp-json\/wp\/v2\/types\/product"}],"replies":[{"embeddable":true,"href":"https:\/\/devshop.italpreziosi.it\/es\/wp-json\/wp\/v2\/comments?post=3493"}],"wp:featuredmedia":[{"embeddable":true,"href":"https:\/\/devshop.italpreziosi.it\/es\/wp-json\/wp\/v2\/media\/1402"}],"wp:attachment":[{"href":"https:\/\/devshop.italpreziosi.it\/es\/wp-json\/wp\/v2\/media?parent=3493"}],"wp:term":[{"taxonomy":"product_brand","embeddable":true,"href":"https:\/\/devshop.italpreziosi.it\/es\/wp-json\/wp\/v2\/product_brand?post=3493"},{"taxonomy":"product_cat","embeddable":true,"href":"https:\/\/devshop.italpreziosi.it\/es\/wp-json\/wp\/v2\/product_cat?post=3493"},{"taxonomy":"product_tag","embeddable":true,"href":"https:\/\/devshop.italpreziosi.it\/es\/wp-json\/wp\/v2\/product_tag?post=3493"}],"curies":[{"name":"wp","href":"https:\/\/api.w.org\/{rel}","templated":true}]}}