{"id":3488,"date":"2025-07-14T11:27:43","date_gmt":"2025-07-14T09:27:43","guid":{"rendered":"https:\/\/devshop.italpreziosi.it\/sin categor\u00eda\/australia-2025-canguro-1-oz-plata-proof-alto-relieve-coloreado\/"},"modified":"2025-11-19T18:35:06","modified_gmt":"2025-11-19T17:35:06","slug":"australia-2025-canguro-1-oz-plata-proof-alto-relieve-coloreado","status":"publish","type":"product","link":"https:\/\/devshop.italpreziosi.it\/es\/colecciones\/monedas\/australia-2025-canguro-1-oz-plata-proof-alto-relieve-coloreado\/","title":{"rendered":"Australia 2025 Canguro 1 oz Plata Proof Alto Relieve Coloreado"},"content":{"rendered":"<p>La moneda Canguro Australiana 2025 presenta una representaci\u00f3n coloreada de un canguro acostado en el suelo, conservando energ\u00eda durante la parte m\u00e1s calurosa del d\u00eda. El fondo incluye un canguro saltando y una hierba australiana. El anverso muestra la efigie de Su Majestad el Rey Carlos III, dise\u00f1ada por Dan Thorne.<\/p>\n","protected":false},"excerpt":{"rendered":"<p>La moneda Canguro Australiana 2025 presenta una representaci\u00f3n coloreada de un canguro acostado en el suelo, conservando energ\u00eda durante la parte m\u00e1s calurosa del d\u00eda. El fondo incluye un canguro saltando y una hierba australiana. El anverso muestra la efigie de Su Majestad el Rey Carlos III, dise\u00f1ada por Dan Thorne.<\/p>\n","protected":false},"featured_media":1415,"comment_status":"closed","ping_status":"closed","template":"","meta":{"_acf_changed":false},"product_brand":[],"product_cat":[327,323],"product_tag":[],"class_list":{"0":"post-3488","1":"product","2":"type-product","3":"status-publish","4":"has-post-thumbnail","6":"product_cat-monedas","7":"product_cat-colecciones","8":"pa_metallo-plata","10":"first","11":"outofstock","12":"taxable","13":"shipping-taxable","14":"purchasable","15":"product-type-simple"},"acf":[],"_links":{"self":[{"href":"https:\/\/devshop.italpreziosi.it\/es\/wp-json\/wp\/v2\/product\/3488","targetHints":{"allow":["GET"]}}],"collection":[{"href":"https:\/\/devshop.italpreziosi.it\/es\/wp-json\/wp\/v2\/product"}],"about":[{"href":"https:\/\/devshop.italpreziosi.it\/es\/wp-json\/wp\/v2\/types\/product"}],"replies":[{"embeddable":true,"href":"https:\/\/devshop.italpreziosi.it\/es\/wp-json\/wp\/v2\/comments?post=3488"}],"wp:featuredmedia":[{"embeddable":true,"href":"https:\/\/devshop.italpreziosi.it\/es\/wp-json\/wp\/v2\/media\/1415"}],"wp:attachment":[{"href":"https:\/\/devshop.italpreziosi.it\/es\/wp-json\/wp\/v2\/media?parent=3488"}],"wp:term":[{"taxonomy":"product_brand","embeddable":true,"href":"https:\/\/devshop.italpreziosi.it\/es\/wp-json\/wp\/v2\/product_brand?post=3488"},{"taxonomy":"product_cat","embeddable":true,"href":"https:\/\/devshop.italpreziosi.it\/es\/wp-json\/wp\/v2\/product_cat?post=3488"},{"taxonomy":"product_tag","embeddable":true,"href":"https:\/\/devshop.italpreziosi.it\/es\/wp-json\/wp\/v2\/product_tag?post=3488"}],"curies":[{"name":"wp","href":"https:\/\/api.w.org\/{rel}","templated":true}]}}