{"id":3486,"date":"2025-07-11T17:42:46","date_gmt":"2025-07-11T15:42:46","guid":{"rendered":"https:\/\/devshop.italpreziosi.it\/sin categor\u00eda\/australia-2024-serie-lunar-iii-ano-del-dragon-1-oz-plata-bu-lila\/"},"modified":"2025-07-11T17:42:46","modified_gmt":"2025-07-11T15:42:46","slug":"australia-2024-serie-lunar-iii-ano-del-dragon-1-oz-plata-bu-lila","status":"publish","type":"product","link":"https:\/\/devshop.italpreziosi.it\/es\/colecciones\/monedas\/australia-2024-serie-lunar-iii-ano-del-dragon-1-oz-plata-bu-lila\/","title":{"rendered":"Australia 2024 Serie Lunar III A\u00f1o del Drag\u00f3n 1 oz Plata BU Lila"},"content":{"rendered":"<p>La moneda de la Serie Lunar III 2024 celebra el A\u00f1o del Drag\u00f3n con un dise\u00f1o vibrante de un drag\u00f3n color lila, s\u00edmbolo de fuerza y buena fortuna en la cultura china. El anverso muestra la efigie de la Reina Isabel II. <\/p>\n","protected":false},"excerpt":{"rendered":"<p>La moneda de la Serie Lunar III 2024 celebra el A\u00f1o del Drag\u00f3n con un dise\u00f1o vibrante de un drag\u00f3n color lila, s\u00edmbolo de fuerza y buena fortuna en la cultura china. El anverso muestra la efigie de la Reina Isabel II.<\/p>\n","protected":false},"featured_media":1388,"comment_status":"closed","ping_status":"closed","template":"","meta":{"_acf_changed":false},"product_brand":[],"product_cat":[327,323],"product_tag":[],"class_list":{"0":"post-3486","1":"product","2":"type-product","3":"status-publish","4":"has-post-thumbnail","6":"product_cat-monedas","7":"product_cat-colecciones","8":"pa_metallo-plata","10":"first","11":"outofstock","12":"taxable","13":"shipping-taxable","14":"purchasable","15":"product-type-simple"},"acf":[],"_links":{"self":[{"href":"https:\/\/devshop.italpreziosi.it\/es\/wp-json\/wp\/v2\/product\/3486","targetHints":{"allow":["GET"]}}],"collection":[{"href":"https:\/\/devshop.italpreziosi.it\/es\/wp-json\/wp\/v2\/product"}],"about":[{"href":"https:\/\/devshop.italpreziosi.it\/es\/wp-json\/wp\/v2\/types\/product"}],"replies":[{"embeddable":true,"href":"https:\/\/devshop.italpreziosi.it\/es\/wp-json\/wp\/v2\/comments?post=3486"}],"wp:featuredmedia":[{"embeddable":true,"href":"https:\/\/devshop.italpreziosi.it\/es\/wp-json\/wp\/v2\/media\/1388"}],"wp:attachment":[{"href":"https:\/\/devshop.italpreziosi.it\/es\/wp-json\/wp\/v2\/media?parent=3486"}],"wp:term":[{"taxonomy":"product_brand","embeddable":true,"href":"https:\/\/devshop.italpreziosi.it\/es\/wp-json\/wp\/v2\/product_brand?post=3486"},{"taxonomy":"product_cat","embeddable":true,"href":"https:\/\/devshop.italpreziosi.it\/es\/wp-json\/wp\/v2\/product_cat?post=3486"},{"taxonomy":"product_tag","embeddable":true,"href":"https:\/\/devshop.italpreziosi.it\/es\/wp-json\/wp\/v2\/product_tag?post=3486"}],"curies":[{"name":"wp","href":"https:\/\/api.w.org\/{rel}","templated":true}]}}