{"id":3484,"date":"2025-07-11T17:26:12","date_gmt":"2025-07-11T15:26:12","guid":{"rendered":"https:\/\/devshop.italpreziosi.it\/sin categor\u00eda\/niue-2023-equilibrium-1-oz-plata-bu\/"},"modified":"2025-07-11T17:26:12","modified_gmt":"2025-07-11T15:26:12","slug":"niue-2023-equilibrium-1-oz-plata-bu","status":"publish","type":"product","link":"https:\/\/devshop.italpreziosi.it\/es\/colecciones\/monedas\/niue-2023-equilibrium-1-oz-plata-bu\/","title":{"rendered":"Niue 2023 Equilibrium 1 oz Plata BU"},"content":{"rendered":"<p>La serie Equilibrium regresa en 2023 con un dise\u00f1o potente que explora el equilibrio entre fuerzas opuestas, representado por un yin-yang moderno que fusiona tecnolog\u00eda y naturaleza. El anverso muestra la efigie del Rey Carlos III y el pa\u00eds emisor.<\/p>\n","protected":false},"excerpt":{"rendered":"<p>La serie Equilibrium regresa en 2023 con un dise\u00f1o potente que explora el equilibrio entre fuerzas opuestas, representado por un yin-yang moderno que fusiona tecnolog\u00eda y naturaleza. El anverso muestra la efigie del Rey Carlos III y el pa\u00eds emisor.<\/p>\n","protected":false},"featured_media":1381,"comment_status":"closed","ping_status":"closed","template":"","meta":{"_acf_changed":false},"product_brand":[],"product_cat":[327,323],"product_tag":[],"class_list":{"0":"post-3484","1":"product","2":"type-product","3":"status-publish","4":"has-post-thumbnail","6":"product_cat-monedas","7":"product_cat-colecciones","8":"pa_metallo-plata","10":"first","11":"outofstock","12":"taxable","13":"shipping-taxable","14":"purchasable","15":"product-type-simple"},"acf":[],"_links":{"self":[{"href":"https:\/\/devshop.italpreziosi.it\/es\/wp-json\/wp\/v2\/product\/3484","targetHints":{"allow":["GET"]}}],"collection":[{"href":"https:\/\/devshop.italpreziosi.it\/es\/wp-json\/wp\/v2\/product"}],"about":[{"href":"https:\/\/devshop.italpreziosi.it\/es\/wp-json\/wp\/v2\/types\/product"}],"replies":[{"embeddable":true,"href":"https:\/\/devshop.italpreziosi.it\/es\/wp-json\/wp\/v2\/comments?post=3484"}],"wp:featuredmedia":[{"embeddable":true,"href":"https:\/\/devshop.italpreziosi.it\/es\/wp-json\/wp\/v2\/media\/1381"}],"wp:attachment":[{"href":"https:\/\/devshop.italpreziosi.it\/es\/wp-json\/wp\/v2\/media?parent=3484"}],"wp:term":[{"taxonomy":"product_brand","embeddable":true,"href":"https:\/\/devshop.italpreziosi.it\/es\/wp-json\/wp\/v2\/product_brand?post=3484"},{"taxonomy":"product_cat","embeddable":true,"href":"https:\/\/devshop.italpreziosi.it\/es\/wp-json\/wp\/v2\/product_cat?post=3484"},{"taxonomy":"product_tag","embeddable":true,"href":"https:\/\/devshop.italpreziosi.it\/es\/wp-json\/wp\/v2\/product_tag?post=3484"}],"curies":[{"name":"wp","href":"https:\/\/api.w.org\/{rel}","templated":true}]}}