{"id":3450,"date":"2025-07-09T12:41:05","date_gmt":"2025-07-09T10:41:05","guid":{"rendered":"https:\/\/devshop.italpreziosi.it\/sin%20categor\u00eda\/2025-il-primo-papa-americano-papa-leone-xiv-1-oz-argento-bu\/"},"modified":"2025-09-24T11:24:31","modified_gmt":"2025-09-24T09:24:31","slug":"2025-el-primer-papa-americano-papa-leon-xiv-1-oz-plata-bu","status":"publish","type":"product","link":"https:\/\/devshop.italpreziosi.it\/es\/colecciones\/monedas\/2025-el-primer-papa-americano-papa-leon-xiv-1-oz-plata-bu\/","title":{"rendered":"2025 El Primer Papa Americano \u2013 Papa Le\u00f3n XIV 1 oz Plata BU"},"content":{"rendered":"<p><span data-sheets-root=\"1\">El 8 de mayo de 2025, el cardenal Robert Prevost fue elegido como el Papa n\u00famero 267 de la Iglesia, bajo el nombre de Le\u00f3n XIV. Nacido en Chicago y misionero en Per\u00fa, fue nombrado obispo en 2015 y cardenal en 2024 por el Papa Francisco. Este hecho hist\u00f3rico se conmemora en plata fina .999. El anverso muestra el busto del Papa con la fecha de su elecci\u00f3n; el reverso, el exterior del Vaticano con el peso y la pureza.<\/span><\/p>\n","protected":false},"excerpt":{"rendered":"<p>El 8 de mayo de 2025, el cardenal Robert Prevost fue elegido como el Papa n\u00famero 267 de la Iglesia, bajo el nombre de Le\u00f3n XIV. Nacido en Chicago y misionero en Per\u00fa, fue nombrado obispo en 2015 y cardenal en 2024 por el Papa Francisco. Este hecho hist\u00f3rico se conmemora en plata fina .999. [&hellip;]<\/p>\n","protected":false},"featured_media":1305,"comment_status":"closed","ping_status":"closed","template":"","meta":{"_acf_changed":false},"product_brand":[],"product_cat":[327,323],"product_tag":[],"class_list":{"0":"post-3450","1":"product","2":"type-product","3":"status-publish","4":"has-post-thumbnail","6":"product_cat-monedas","7":"product_cat-colecciones","8":"pa_metallo-plata","10":"first","11":"outofstock","12":"featured","13":"taxable","14":"shipping-taxable","15":"purchasable","16":"product-type-simple"},"acf":[],"_links":{"self":[{"href":"https:\/\/devshop.italpreziosi.it\/es\/wp-json\/wp\/v2\/product\/3450","targetHints":{"allow":["GET"]}}],"collection":[{"href":"https:\/\/devshop.italpreziosi.it\/es\/wp-json\/wp\/v2\/product"}],"about":[{"href":"https:\/\/devshop.italpreziosi.it\/es\/wp-json\/wp\/v2\/types\/product"}],"replies":[{"embeddable":true,"href":"https:\/\/devshop.italpreziosi.it\/es\/wp-json\/wp\/v2\/comments?post=3450"}],"wp:featuredmedia":[{"embeddable":true,"href":"https:\/\/devshop.italpreziosi.it\/es\/wp-json\/wp\/v2\/media\/1305"}],"wp:attachment":[{"href":"https:\/\/devshop.italpreziosi.it\/es\/wp-json\/wp\/v2\/media?parent=3450"}],"wp:term":[{"taxonomy":"product_brand","embeddable":true,"href":"https:\/\/devshop.italpreziosi.it\/es\/wp-json\/wp\/v2\/product_brand?post=3450"},{"taxonomy":"product_cat","embeddable":true,"href":"https:\/\/devshop.italpreziosi.it\/es\/wp-json\/wp\/v2\/product_cat?post=3450"},{"taxonomy":"product_tag","embeddable":true,"href":"https:\/\/devshop.italpreziosi.it\/es\/wp-json\/wp\/v2\/product_tag?post=3450"}],"curies":[{"name":"wp","href":"https:\/\/api.w.org\/{rel}","templated":true}]}}