{"id":3413,"date":"2025-07-09T13:08:47","date_gmt":"2025-07-09T11:08:47","guid":{"rendered":"https:\/\/devshop.italpreziosi.it\/sin%20categor\u00eda\/silver-vienna-philharmonic\/"},"modified":"2025-10-27T17:58:11","modified_gmt":"2025-10-27T16:58:11","slug":"silver-vienna-philharmonic","status":"publish","type":"product","link":"https:\/\/devshop.italpreziosi.it\/es\/inversion\/monedas\/plata\/silver-vienna-philharmonic\/","title":{"rendered":"Silver Vienna Philharmonic"},"content":{"rendered":"<p>Esta moneda lleva el nombre de la Orquesta Filarm\u00f3nica de Viena (Wiener Philharmoniker), que inspira el dise\u00f1o de ambas caras. La versi\u00f3n de plata se introdujo por primera vez en 2008 y presenta el mismo dise\u00f1o ic\u00f3nico que su contraparte en oro. Es considerada una de las monedas de plata m\u00e1s populares y reconocidas a nivel mundial. Entre 2008 y 2012, la F\u00e1brica de Moneda de Austria vendi\u00f3 m\u00e1s de 54 millones de ejemplares.<\/p>\n","protected":false},"excerpt":{"rendered":"<p>Esta moneda lleva el nombre de la Orquesta Filarm\u00f3nica de Viena (Wiener Philharmoniker), que inspira el dise\u00f1o de ambas caras. La versi\u00f3n de plata se introdujo por primera vez en 2008 y presenta el mismo dise\u00f1o ic\u00f3nico que su contraparte en oro. Es considerada una de las monedas de plata m\u00e1s populares y reconocidas a [&hellip;]<\/p>\n","protected":false},"featured_media":1299,"comment_status":"closed","ping_status":"closed","template":"","meta":{"_acf_changed":false},"product_brand":[],"product_cat":[341,329,339,330,349,357,359],"product_tag":[],"class_list":{"0":"post-3413","1":"product","2":"type-product","3":"status-publish","4":"has-post-thumbnail","6":"product_cat-plata-es-2","7":"product_cat-inversion","8":"product_cat-monedas-es","9":"product_cat-plata","10":"product_cat-venta","11":"product_cat-venta-monedas","12":"product_cat-venta-monedas-de-plata","13":"pa_metallo-plata","15":"first","16":"instock","17":"featured","18":"taxable","19":"shipping-taxable","20":"purchasable","21":"product-type-simple"},"acf":[],"_links":{"self":[{"href":"https:\/\/devshop.italpreziosi.it\/es\/wp-json\/wp\/v2\/product\/3413","targetHints":{"allow":["GET"]}}],"collection":[{"href":"https:\/\/devshop.italpreziosi.it\/es\/wp-json\/wp\/v2\/product"}],"about":[{"href":"https:\/\/devshop.italpreziosi.it\/es\/wp-json\/wp\/v2\/types\/product"}],"replies":[{"embeddable":true,"href":"https:\/\/devshop.italpreziosi.it\/es\/wp-json\/wp\/v2\/comments?post=3413"}],"wp:featuredmedia":[{"embeddable":true,"href":"https:\/\/devshop.italpreziosi.it\/es\/wp-json\/wp\/v2\/media\/1299"}],"wp:attachment":[{"href":"https:\/\/devshop.italpreziosi.it\/es\/wp-json\/wp\/v2\/media?parent=3413"}],"wp:term":[{"taxonomy":"product_brand","embeddable":true,"href":"https:\/\/devshop.italpreziosi.it\/es\/wp-json\/wp\/v2\/product_brand?post=3413"},{"taxonomy":"product_cat","embeddable":true,"href":"https:\/\/devshop.italpreziosi.it\/es\/wp-json\/wp\/v2\/product_cat?post=3413"},{"taxonomy":"product_tag","embeddable":true,"href":"https:\/\/devshop.italpreziosi.it\/es\/wp-json\/wp\/v2\/product_tag?post=3413"}],"curies":[{"name":"wp","href":"https:\/\/api.w.org\/{rel}","templated":true}]}}