{"id":3411,"date":"2025-07-09T13:06:17","date_gmt":"2025-07-09T11:06:17","guid":{"rendered":"https:\/\/devshop.italpreziosi.it\/sin%20categor\u00eda\/silver-american-eagle\/"},"modified":"2025-10-27T17:58:04","modified_gmt":"2025-10-27T16:58:04","slug":"silver-american-eagle","status":"publish","type":"product","link":"https:\/\/devshop.italpreziosi.it\/es\/inversion\/monedas\/plata\/silver-american-eagle\/","title":{"rendered":"Silver American Eagle"},"content":{"rendered":"<p>La American Eagle de plata es una moneda emblem\u00e1tica de los Estados Unidos de Am\u00e9rica, con dise\u00f1os \u00fanicos en ambas caras, diferentes de su hom\u00f3loga de oro. Acu\u00f1ada por la US Mint desde 1986, resolvi\u00f3 los problemas de devaluaci\u00f3n nacional de la plata. Tiene un valor facial de 1$, pero su valor de mercado est\u00e1 influido por el precio de la plata. Accesible para muchos como regalo, tiene una pureza del 99,99% y se acu\u00f1a en formato de 1 onza. En el anverso aparece la Libertad andante, dise\u00f1ada por Adolph A. Weinman en 1916, mientras que el reverso muestra un \u00e1guila her\u00e1ldica con escudo y trece estrellas, dise\u00f1ada por John Mercanti en 1986.<\/p>\n","protected":false},"excerpt":{"rendered":"<p>La American Eagle de plata es una moneda emblem\u00e1tica de los Estados Unidos de Am\u00e9rica, con dise\u00f1os \u00fanicos en ambas caras, diferentes de su hom\u00f3loga de oro. Acu\u00f1ada por la US Mint desde 1986, resolvi\u00f3 los problemas de devaluaci\u00f3n nacional de la plata. Tiene un valor facial de 1$, pero su valor de mercado est\u00e1 [&hellip;]<\/p>\n","protected":false},"featured_media":1292,"comment_status":"closed","ping_status":"closed","template":"","meta":{"_acf_changed":false},"product_brand":[],"product_cat":[341,329,339,330,349,357,359],"product_tag":[],"class_list":{"0":"post-3411","1":"product","2":"type-product","3":"status-publish","4":"has-post-thumbnail","6":"product_cat-plata-es-2","7":"product_cat-inversion","8":"product_cat-monedas-es","9":"product_cat-plata","10":"product_cat-venta","11":"product_cat-venta-monedas","12":"product_cat-venta-monedas-de-plata","13":"pa_metallo-plata","15":"first","16":"instock","17":"featured","18":"taxable","19":"shipping-taxable","20":"purchasable","21":"product-type-simple"},"acf":[],"_links":{"self":[{"href":"https:\/\/devshop.italpreziosi.it\/es\/wp-json\/wp\/v2\/product\/3411","targetHints":{"allow":["GET"]}}],"collection":[{"href":"https:\/\/devshop.italpreziosi.it\/es\/wp-json\/wp\/v2\/product"}],"about":[{"href":"https:\/\/devshop.italpreziosi.it\/es\/wp-json\/wp\/v2\/types\/product"}],"replies":[{"embeddable":true,"href":"https:\/\/devshop.italpreziosi.it\/es\/wp-json\/wp\/v2\/comments?post=3411"}],"wp:featuredmedia":[{"embeddable":true,"href":"https:\/\/devshop.italpreziosi.it\/es\/wp-json\/wp\/v2\/media\/1292"}],"wp:attachment":[{"href":"https:\/\/devshop.italpreziosi.it\/es\/wp-json\/wp\/v2\/media?parent=3411"}],"wp:term":[{"taxonomy":"product_brand","embeddable":true,"href":"https:\/\/devshop.italpreziosi.it\/es\/wp-json\/wp\/v2\/product_brand?post=3411"},{"taxonomy":"product_cat","embeddable":true,"href":"https:\/\/devshop.italpreziosi.it\/es\/wp-json\/wp\/v2\/product_cat?post=3411"},{"taxonomy":"product_tag","embeddable":true,"href":"https:\/\/devshop.italpreziosi.it\/es\/wp-json\/wp\/v2\/product_tag?post=3411"}],"curies":[{"name":"wp","href":"https:\/\/api.w.org\/{rel}","templated":true}]}}