{"id":3409,"date":"2025-07-09T12:17:18","date_gmt":"2025-07-09T10:17:18","guid":{"rendered":"https:\/\/devshop.italpreziosi.it\/sin%20categor\u00eda\/silver-maple-leaf\/"},"modified":"2025-10-27T17:58:09","modified_gmt":"2025-10-27T16:58:09","slug":"silver-maple-leaf","status":"publish","type":"product","link":"https:\/\/devshop.italpreziosi.it\/es\/inversion\/monedas\/plata\/silver-maple-leaf\/","title":{"rendered":"Silver Maple Leaf"},"content":{"rendered":"<p>La Hoja de Arce de plata es una moneda de inversi\u00f3n canadiense con un extraordinario dise\u00f1o, bastante similar al de la moneda de oro. Emitida por la Real Casa de la Moneda de Canad\u00e1, el anverso representa el icono de Canad\u00e1 en todo el mundo: la hoja de arce. El reverso muestra la efigie de la reina Isabel II.<\/p>\n<p>La Hoja de Arce ha ganado considerable popularidad con el paso del tiempo: con una incre\u00edble pureza del 999.9%, se encuentra entre las monedas de plata m\u00e1s puras y buscadas por los coleccionistas. La combinaci\u00f3n de su est\u00e9tica y el valor intr\u00ednseco de la plata la convierte en una excelente opci\u00f3n para los inversores que buscan una opci\u00f3n tangible en metales preciosos y a\u00f1ade un toque de elegancia a cualquier colecci\u00f3n numism\u00e1tica. Maple Leaf es tambi\u00e9n una idea de regalo perfecta para sus seres queridos.<\/p>\n<p>La Hoja de Arce Plateada est\u00e1 disponible en varios a\u00f1os de acu\u00f1aci\u00f3n a elecci\u00f3n de la empresa.<\/p>\n","protected":false},"excerpt":{"rendered":"<p>La Hoja de Arce de plata es una moneda de inversi\u00f3n canadiense con un extraordinario dise\u00f1o, bastante similar al de la moneda de oro. Emitida por la Real Casa de la Moneda de Canad\u00e1, el anverso representa el icono de Canad\u00e1 en todo el mundo: la hoja de arce. El reverso muestra la efigie de [&hellip;]<\/p>\n","protected":false},"featured_media":1278,"comment_status":"closed","ping_status":"closed","template":"","meta":{"_acf_changed":false},"product_brand":[],"product_cat":[341,329,339,330,349,357,359],"product_tag":[],"class_list":{"0":"post-3409","1":"product","2":"type-product","3":"status-publish","4":"has-post-thumbnail","6":"product_cat-plata-es-2","7":"product_cat-inversion","8":"product_cat-monedas-es","9":"product_cat-plata","10":"product_cat-venta","11":"product_cat-venta-monedas","12":"product_cat-venta-monedas-de-plata","13":"pa_metallo-plata","15":"first","16":"instock","17":"featured","18":"taxable","19":"shipping-taxable","20":"purchasable","21":"product-type-simple"},"acf":[],"_links":{"self":[{"href":"https:\/\/devshop.italpreziosi.it\/es\/wp-json\/wp\/v2\/product\/3409","targetHints":{"allow":["GET"]}}],"collection":[{"href":"https:\/\/devshop.italpreziosi.it\/es\/wp-json\/wp\/v2\/product"}],"about":[{"href":"https:\/\/devshop.italpreziosi.it\/es\/wp-json\/wp\/v2\/types\/product"}],"replies":[{"embeddable":true,"href":"https:\/\/devshop.italpreziosi.it\/es\/wp-json\/wp\/v2\/comments?post=3409"}],"wp:featuredmedia":[{"embeddable":true,"href":"https:\/\/devshop.italpreziosi.it\/es\/wp-json\/wp\/v2\/media\/1278"}],"wp:attachment":[{"href":"https:\/\/devshop.italpreziosi.it\/es\/wp-json\/wp\/v2\/media?parent=3409"}],"wp:term":[{"taxonomy":"product_brand","embeddable":true,"href":"https:\/\/devshop.italpreziosi.it\/es\/wp-json\/wp\/v2\/product_brand?post=3409"},{"taxonomy":"product_cat","embeddable":true,"href":"https:\/\/devshop.italpreziosi.it\/es\/wp-json\/wp\/v2\/product_cat?post=3409"},{"taxonomy":"product_tag","embeddable":true,"href":"https:\/\/devshop.italpreziosi.it\/es\/wp-json\/wp\/v2\/product_tag?post=3409"}],"curies":[{"name":"wp","href":"https:\/\/api.w.org\/{rel}","templated":true}]}}