{"id":3407,"date":"2025-07-09T12:02:12","date_gmt":"2025-07-09T10:02:12","guid":{"rendered":"https:\/\/devshop.italpreziosi.it\/sin%20categor\u00eda\/silver-australian-nugget\/"},"modified":"2025-09-24T11:14:48","modified_gmt":"2025-09-24T09:14:48","slug":"silver-australian-nugget","status":"publish","type":"product","link":"https:\/\/devshop.italpreziosi.it\/es\/inversion\/monedas\/plata\/silver-australian-nugget\/","title":{"rendered":"Silver Australian Nugget"},"content":{"rendered":"<p>La\u00a0<strong>moneda Australian Nugget de 1 onza de plata pura<\/strong>\u00a0es una c\u00e9lebre moneda de inversi\u00f3n emitida por la prestigiosa Perth Mint.<\/p>\n<p>Acu\u00f1ada en\u00a0<strong>plata fina 999,9<\/strong>, presenta en el reverso un elegante canguro en salto, enmarcado por rayos de sol estilizados. El anverso muestra la efigie conmemorativa de la Reina Isabel II con las fechas de su reinado.<\/p>\n<p>Un cl\u00e1sico atemporal,\u00a0<strong>verdadero s\u00edmbolo de Australia<\/strong>.<\/p>\n<p><strong>Disponibilidad limitada.<\/strong><\/p>\n","protected":false},"excerpt":{"rendered":"<p>La\u00a0moneda Australian Nugget de 1 onza de plata pura\u00a0es una c\u00e9lebre moneda de inversi\u00f3n emitida por la prestigiosa Perth Mint. Acu\u00f1ada en\u00a0plata fina 999,9, presenta en el reverso un elegante canguro en salto, enmarcado por rayos de sol estilizados. El anverso muestra la efigie conmemorativa de la Reina Isabel II con las fechas de su [&hellip;]<\/p>\n","protected":false},"featured_media":1265,"comment_status":"closed","ping_status":"closed","template":"","meta":{"_acf_changed":false},"product_brand":[],"product_cat":[341,329,339,330,349,357,359],"product_tag":[],"class_list":{"0":"post-3407","1":"product","2":"type-product","3":"status-publish","4":"has-post-thumbnail","6":"product_cat-plata-es-2","7":"product_cat-inversion","8":"product_cat-monedas-es","9":"product_cat-plata","10":"product_cat-venta","11":"product_cat-venta-monedas","12":"product_cat-venta-monedas-de-plata","13":"pa_metallo-plata","15":"first","16":"outofstock","17":"taxable","18":"shipping-taxable","19":"product-type-simple"},"acf":[],"_links":{"self":[{"href":"https:\/\/devshop.italpreziosi.it\/es\/wp-json\/wp\/v2\/product\/3407","targetHints":{"allow":["GET"]}}],"collection":[{"href":"https:\/\/devshop.italpreziosi.it\/es\/wp-json\/wp\/v2\/product"}],"about":[{"href":"https:\/\/devshop.italpreziosi.it\/es\/wp-json\/wp\/v2\/types\/product"}],"replies":[{"embeddable":true,"href":"https:\/\/devshop.italpreziosi.it\/es\/wp-json\/wp\/v2\/comments?post=3407"}],"wp:featuredmedia":[{"embeddable":true,"href":"https:\/\/devshop.italpreziosi.it\/es\/wp-json\/wp\/v2\/media\/1265"}],"wp:attachment":[{"href":"https:\/\/devshop.italpreziosi.it\/es\/wp-json\/wp\/v2\/media?parent=3407"}],"wp:term":[{"taxonomy":"product_brand","embeddable":true,"href":"https:\/\/devshop.italpreziosi.it\/es\/wp-json\/wp\/v2\/product_brand?post=3407"},{"taxonomy":"product_cat","embeddable":true,"href":"https:\/\/devshop.italpreziosi.it\/es\/wp-json\/wp\/v2\/product_cat?post=3407"},{"taxonomy":"product_tag","embeddable":true,"href":"https:\/\/devshop.italpreziosi.it\/es\/wp-json\/wp\/v2\/product_tag?post=3407"}],"curies":[{"name":"wp","href":"https:\/\/api.w.org\/{rel}","templated":true}]}}