{"id":3405,"date":"2025-07-09T11:55:37","date_gmt":"2025-07-09T09:55:37","guid":{"rendered":"https:\/\/devshop.italpreziosi.it\/sin%20categor\u00eda\/krugerrand\/"},"modified":"2026-02-04T14:40:06","modified_gmt":"2026-02-04T13:40:06","slug":"krugerrand","status":"publish","type":"product","link":"https:\/\/devshop.italpreziosi.it\/es\/inversion\/monedas\/oro\/krugerrand\/","title":{"rendered":"Krugerrand"},"content":{"rendered":"<p>Introducida en 1967, esta moneda lleva el nombre de Stephanus Johannes Paul Kruger (Colesberg, 1825 &#8211; Le Ch\u00e2telard, 1904). Pol\u00edtico africano que fue presidente de la Rep\u00fablica de Transvaal, de la que toma su nombre el principal parque de vida silvestre de Sud\u00e1frica. El anverso de la moneda muestra el retrato de Kruger, en el reverso hay una gacela, uno de los animales s\u00edmbolo de Sud\u00e1frica.<\/p>\n","protected":false},"excerpt":{"rendered":"<p>Introducida en 1967, esta moneda lleva el nombre de Stephanus Johannes Paul Kruger (Colesberg, 1825 &#8211; Le Ch\u00e2telard, 1904). Pol\u00edtico africano que fue presidente de la Rep\u00fablica de Transvaal, de la que toma su nombre el principal parque de vida silvestre de Sud\u00e1frica. El anverso de la moneda muestra el retrato de Kruger, en el [&hellip;]<\/p>\n","protected":false},"featured_media":1255,"comment_status":"closed","ping_status":"closed","template":"","meta":{"_acf_changed":false},"product_brand":[],"product_cat":[343,329,339,345,349,357,362],"product_tag":[],"class_list":{"0":"post-3405","1":"product","2":"type-product","3":"status-publish","4":"has-post-thumbnail","6":"product_cat-oro-es-2","7":"product_cat-inversion","8":"product_cat-monedas-es","9":"product_cat-oro-es-3","10":"product_cat-venta","11":"product_cat-venta-monedas","12":"product_cat-venta-monedas-de-oro","13":"pa_metallo-oro-es","15":"first","16":"instock","17":"product-type-simple"},"acf":[],"_links":{"self":[{"href":"https:\/\/devshop.italpreziosi.it\/es\/wp-json\/wp\/v2\/product\/3405","targetHints":{"allow":["GET"]}}],"collection":[{"href":"https:\/\/devshop.italpreziosi.it\/es\/wp-json\/wp\/v2\/product"}],"about":[{"href":"https:\/\/devshop.italpreziosi.it\/es\/wp-json\/wp\/v2\/types\/product"}],"replies":[{"embeddable":true,"href":"https:\/\/devshop.italpreziosi.it\/es\/wp-json\/wp\/v2\/comments?post=3405"}],"wp:featuredmedia":[{"embeddable":true,"href":"https:\/\/devshop.italpreziosi.it\/es\/wp-json\/wp\/v2\/media\/1255"}],"wp:attachment":[{"href":"https:\/\/devshop.italpreziosi.it\/es\/wp-json\/wp\/v2\/media?parent=3405"}],"wp:term":[{"taxonomy":"product_brand","embeddable":true,"href":"https:\/\/devshop.italpreziosi.it\/es\/wp-json\/wp\/v2\/product_brand?post=3405"},{"taxonomy":"product_cat","embeddable":true,"href":"https:\/\/devshop.italpreziosi.it\/es\/wp-json\/wp\/v2\/product_cat?post=3405"},{"taxonomy":"product_tag","embeddable":true,"href":"https:\/\/devshop.italpreziosi.it\/es\/wp-json\/wp\/v2\/product_tag?post=3405"}],"curies":[{"name":"wp","href":"https:\/\/api.w.org\/{rel}","templated":true}]}}